{"id":5403,"date":"2020-11-15T20:47:35","date_gmt":"2020-11-15T23:47:35","guid":{"rendered":"http:\/\/torredebabel.com.br\/site\/?post_type=product&#038;p=5403"},"modified":"2022-07-29T15:49:37","modified_gmt":"2022-07-29T18:49:37","slug":"cmelp-central-de-midia-para-o-ensino-da-lingua-portuguesa","status":"publish","type":"product","link":"https:\/\/torredebabel.com.br\/site\/produto\/cmelp-central-de-midia-para-o-ensino-da-lingua-portuguesa\/","title":{"rendered":"CMELP"},"content":{"rendered":"<p>[vc_row][vc_column][vc_single_image image=&#8221;5407&#8243; img_size=&#8221;full&#8221;][\/vc_column][\/vc_row][vc_row][vc_column width=&#8221;1\/2&#8243;][vc_single_image image=&#8221;5449&#8243; img_size=&#8221;medium&#8221; alignment=&#8221;center&#8221;][vc_column_text]<\/p>\n<h2><\/h2>\n<ul>\n<li>Explica\u00e7\u00f5es e exerc\u00edcios gramaticais<\/li>\n<li>Atividades de compreens\u00e3o oral com \u00e1udios e v\u00eddeos<\/li>\n<li>Textos com exerc\u00edcios de compreens\u00e3o de leitura<\/li>\n<li>Atividades de escrita<\/li>\n<\/ul>\n<p>[\/vc_column_text][\/vc_column][\/vc_row]<\/p>\n<!-- AddThis Advanced Settings generic via filter on the_content --><!-- AddThis Share Buttons generic via filter on the_content -->","protected":false},"excerpt":{"rendered":"<p>[vc_row][vc_column][vc_single_image image=&#8221;5407&#8243; img_size=&#8221;full&#8221;][\/vc_column][\/vc_row][vc_row][vc_column width=&#8221;1\/2&#8243;][vc_single_image image=&#8221;5449&#8243; img_size=&#8221;medium&#8221; alignment=&#8221;center&#8221;][vc_column_text] Explica\u00e7\u00f5es e exerc\u00edcios gramaticais Atividades de compreens\u00e3o oral com \u00e1udios e v\u00eddeos Textos com exerc\u00edcios de compreens\u00e3o de leitura Atividades de escrita [\/vc_column_text][\/vc_column][\/vc_row]<!-- AddThis Advanced Settings generic via filter on get_the_excerpt --><!-- AddThis Share Buttons generic via filter on get_the_excerpt --><\/p>\n","protected":false},"featured_media":0,"template":"","meta":[],"yoast_head":"<!-- This site is optimized with the Yoast SEO plugin v15.1.1 - https:\/\/yoast.com\/wordpress\/plugins\/seo\/ -->\n<title>CMELP - Torre de Babel<\/title>\n<meta name=\"robots\" content=\"index, follow, max-snippet:-1, max-image-preview:large, max-video-preview:-1\" \/>\n<link rel=\"canonical\" href=\"https:\/\/torredebabel.com.br\/site\/produto\/cmelp-central-de-midia-para-o-ensino-da-lingua-portuguesa\/\" \/>\n<meta property=\"og:locale\" content=\"pt_BR\" \/>\n<meta property=\"og:type\" content=\"article\" \/>\n<meta property=\"og:title\" content=\"CMELP - Torre de Babel\" \/>\n<meta property=\"og:description\" content=\"[vc_row][vc_column][vc_single_image image=&#8221;5407&#8243; img_size=&#8221;full&#8221;][\/vc_column][\/vc_row][vc_row][vc_column width=&#8221;1\/2&#8243;][vc_single_image image=&#8221;5449&#8243; img_size=&#8221;medium&#8221; alignment=&#8221;center&#8221;][vc_column_text] Explica\u00e7\u00f5es e exerc\u00edcios gramaticais Atividades de compreens\u00e3o oral com \u00e1udios e v\u00eddeos Textos com exerc\u00edcios de compreens\u00e3o de leitura Atividades de escrita [\/vc_column_text][\/vc_column][\/vc_row]\" \/>\n<meta property=\"og:url\" content=\"https:\/\/torredebabel.com.br\/site\/produto\/cmelp-central-de-midia-para-o-ensino-da-lingua-portuguesa\/\" \/>\n<meta property=\"og:site_name\" content=\"Torre de Babel\" \/>\n<meta property=\"article:publisher\" content=\"https:\/\/www.facebook.com\/TorreDeBabelIdiomas\" \/>\n<meta property=\"article:modified_time\" content=\"2022-07-29T18:49:37+00:00\" \/>\n<meta name=\"twitter:card\" content=\"summary_large_image\" \/>\n<script type=\"application\/ld+json\" class=\"yoast-schema-graph\">{\"@context\":\"https:\/\/schema.org\",\"@graph\":[{\"@type\":\"WebSite\",\"@id\":\"https:\/\/torredebabel.com.br\/site\/#website\",\"url\":\"https:\/\/torredebabel.com.br\/site\/\",\"name\":\"Torre de Babel\",\"description\":\"Idiomas e Culturas\",\"potentialAction\":[{\"@type\":\"SearchAction\",\"target\":\"https:\/\/torredebabel.com.br\/site\/?s={search_term_string}\",\"query-input\":\"required name=search_term_string\"}],\"inLanguage\":\"pt-BR\"},{\"@type\":\"WebPage\",\"@id\":\"https:\/\/torredebabel.com.br\/site\/produto\/cmelp-central-de-midia-para-o-ensino-da-lingua-portuguesa\/#webpage\",\"url\":\"https:\/\/torredebabel.com.br\/site\/produto\/cmelp-central-de-midia-para-o-ensino-da-lingua-portuguesa\/\",\"name\":\"CMELP - Torre de Babel\",\"isPartOf\":{\"@id\":\"https:\/\/torredebabel.com.br\/site\/#website\"},\"datePublished\":\"2020-11-15T23:47:35+00:00\",\"dateModified\":\"2022-07-29T18:49:37+00:00\",\"inLanguage\":\"pt-BR\",\"potentialAction\":[{\"@type\":\"ReadAction\",\"target\":[\"https:\/\/torredebabel.com.br\/site\/produto\/cmelp-central-de-midia-para-o-ensino-da-lingua-portuguesa\/\"]}]}]}<\/script>\n<!-- \/ Yoast SEO plugin. -->","_links":{"self":[{"href":"https:\/\/torredebabel.com.br\/site\/wp-json\/wp\/v2\/product\/5403"}],"collection":[{"href":"https:\/\/torredebabel.com.br\/site\/wp-json\/wp\/v2\/product"}],"about":[{"href":"https:\/\/torredebabel.com.br\/site\/wp-json\/wp\/v2\/types\/product"}],"wp:attachment":[{"href":"https:\/\/torredebabel.com.br\/site\/wp-json\/wp\/v2\/media?parent=5403"}],"curies":[{"name":"wp","href":"https:\/\/api.w.org\/{rel}","templated":true}]}}