{"id":4416,"date":"2019-08-20T13:05:00","date_gmt":"2019-08-20T16:05:00","guid":{"rendered":"http:\/\/torredebabel.com.br\/site\/?page_id=4416"},"modified":"2021-05-25T21:06:56","modified_gmt":"2021-05-26T00:06:56","slug":"quem-somos","status":"publish","type":"page","link":"https:\/\/torredebabel.com.br\/site\/quem-somos\/","title":{"rendered":"Quem Somos"},"content":{"rendered":"<p>[vc_row][vc_column][vc_row_inner equal_height=&#8221;yes&#8221;][vc_column_inner width=&#8221;1\/2&#8243;][vc_single_image image=&#8221;4419&#8243; img_size=&#8221;full&#8221;][vc_column_text]<\/p>\n<h3 style=\"text-align: left;\">Susanna Florissi<\/h3>\n<h4 style=\"text-align: left;\">Fundadora e Propriet\u00e1ria<\/h4>\n<p>[\/vc_column_text][vc_column_text]<\/p>\n<p style=\"max-width: 500px; text-align: left;\">Co-autora dos materiais did\u00e1ticos para o ensino de Portugu\u00eas como L\u00edngua Estrangeira, como Segunda L\u00edngua e como L\u00edngua de Heran\u00e7a: &#8216;Bem-Vindo! A L\u00edngua Portuguesa no Mundo da Educa\u00e7\u00e3o&#8217;, &#8216;Tudo Bem? Portugu\u00eas para a nova gera\u00e7\u00e3o&#8217;, &#8216;Fale Portugu\u00eas&#8217; e &#8216;Vamos falar portugu\u00eas&#8217;, ex-Diretora Internacional da Special Book Services &#8211; SBS e da C\u00e2mara Brasileira do Livro, ex-S\u00f3cia da Editora Galp\u00e3o\/Galp\u00e3ozinho, Palestrante sobre PLE e sobre o Livro Digital, Fundadora da Comunidade Virtual FALE PORTUGUES<\/p>\n<p>[\/vc_column_text][\/vc_column_inner][vc_column_inner width=&#8221;1\/2&#8243;][vc_single_image image=&#8221;4420&#8243; img_size=&#8221;full&#8221;][vc_column_text]<\/p>\n<h3 style=\"text-align: left;\">Maria Lucia Carbone Versa<\/h3>\n<h4 style=\"text-align: left;\">Respons\u00e1vel pela Coordena\u00e7\u00e3o dos Cursos, pelos Professores da Torre de Babel e pelo contato com nossos Clientes<\/h4>\n<p>[\/vc_column_text][vc_column_text]<\/p>\n<p style=\"max-width: 500px; text-align: left;\">Capacitadora presencial e virtual de Professores de Portugu\u00eas como L\u00edngua Estrangeira e como Segunda L\u00edngua no Brasil e no Exterior, Membro do Grupo de desenvolvimento da s\u00e9rie de Leituras Graduadas para estudantes de PLE, co-autora do t\u00edtulo &#8216;Fale Portugu\u00eas&#8217;, da HUB Editorial e desenvolvedora de materiais extras exclusivos para as aulas de PLE da Torre de Babel<\/p>\n<p>[\/vc_column_text][\/vc_column_inner][\/vc_row_inner][vc_row_inner equal_height=&#8221;yes&#8221;][vc_column_inner width=&#8221;1\/2&#8243;][vc_single_image image=&#8221;4422&#8243; img_size=&#8221;full&#8221;][vc_column_text]<\/p>\n<h3 style=\"text-align: left;\">Renata Maria Falcio<\/h3>\n<h4 style=\"text-align: left;\">Apoio Administrativo e Financeiro<\/h4>\n<p>[\/vc_column_text][vc_column_text]<\/p>\n<p style=\"max-width: 500px; text-align: left;\">Respons\u00e1vel por toda a \u00e1rea Financeira, al\u00e9m dos contatos com Bancos, Fornecedores e Prestadores de Servi\u00e7os em geral<\/p>\n<p>[\/vc_column_text][\/vc_column_inner][vc_column_inner width=&#8221;1\/2&#8243;][vc_single_image image=&#8221;4444&#8243; img_size=&#8221;full&#8221;][vc_column_text]<\/p>\n<h3 style=\"text-align: left;\">Professores da Torre de Babel<\/h3>\n<h4 style=\"text-align: left;\">Nossos Professores<\/h4>\n<p>[\/vc_column_text][vc_column_text]<\/p>\n<p style=\"max-width: 500px; text-align: left;\">24 Professores altamente capacitados e em constante treinamento (Professores formados na \u00e1rea de Humanas, especialistas no ensino de Espanhol, Ingl\u00eas, Japon\u00eas e Portugu\u00eas como Segunda L\u00edngua, como L\u00edngua Estrangeira ou como L\u00edngua de Heran\u00e7a, e de cursos preparat\u00f3rios para o exame Celpe-Bras de Profici\u00eancia em L\u00edngua Portuguesa)<\/p>\n<p>[\/vc_column_text][\/vc_column_inner][\/vc_row_inner][\/vc_column][\/vc_row]<\/p>\n<!-- AddThis Advanced Settings generic via filter on the_content --><!-- AddThis Share Buttons generic via filter on the_content -->","protected":false},"excerpt":{"rendered":"<p>[vc_row][vc_column][vc_row_inner equal_height=&#8221;yes&#8221;][vc_column_inner width=&#8221;1\/2&#8243;][vc_single_image image=&#8221;4419&#8243; img_size=&#8221;full&#8221;][vc_column_text] Susanna Florissi Fundadora e Propriet\u00e1ria [\/vc_column_text][vc_column_text] Co-autora dos materiais did\u00e1ticos para o ensino de Portugu\u00eas como L\u00edngua Estrangeira, como Segunda L\u00edngua e como L\u00edngua de Heran\u00e7a: &#8216;Bem-Vindo! A L\u00edngua Portuguesa no Mundo da Educa\u00e7\u00e3o&#8217;, &#8216;Tudo Bem? Portugu\u00eas para a nova gera\u00e7\u00e3o&#8217;, &#8216;Fale Portugu\u00eas&#8217; e &#8216;Vamos falar portugu\u00eas&#8217;, ex-Diretora Internacional da [&hellip;]<!-- AddThis Advanced Settings generic via filter on get_the_excerpt --><!-- AddThis Share Buttons generic via filter on get_the_excerpt --><\/p>\n","protected":false},"author":1,"featured_media":0,"parent":0,"menu_order":0,"comment_status":"closed","ping_status":"closed","template":"","meta":[],"yoast_head":"<!-- This site is optimized with the Yoast SEO plugin v15.1.1 - https:\/\/yoast.com\/wordpress\/plugins\/seo\/ -->\n<title>Quem Somos - Torre de Babel<\/title>\n<meta name=\"robots\" content=\"index, follow, max-snippet:-1, max-image-preview:large, max-video-preview:-1\" \/>\n<link rel=\"canonical\" href=\"https:\/\/torredebabel.com.br\/site\/quem-somos\/\" \/>\n<meta property=\"og:locale\" content=\"pt_BR\" \/>\n<meta property=\"og:type\" content=\"article\" \/>\n<meta property=\"og:title\" content=\"Quem Somos - Torre de Babel\" \/>\n<meta property=\"og:description\" content=\"[vc_row][vc_column][vc_row_inner equal_height=&#8221;yes&#8221;][vc_column_inner width=&#8221;1\/2&#8243;][vc_single_image image=&#8221;4419&#8243; img_size=&#8221;full&#8221;][vc_column_text] Susanna Florissi Fundadora e Propriet\u00e1ria [\/vc_column_text][vc_column_text] Co-autora dos materiais did\u00e1ticos para o ensino de Portugu\u00eas como L\u00edngua Estrangeira, como Segunda L\u00edngua e como L\u00edngua de Heran\u00e7a: &#8216;Bem-Vindo! A L\u00edngua Portuguesa no Mundo da Educa\u00e7\u00e3o&#8217;, &#8216;Tudo Bem? Portugu\u00eas para a nova gera\u00e7\u00e3o&#8217;, &#8216;Fale Portugu\u00eas&#8217; e &#8216;Vamos falar portugu\u00eas&#8217;, ex-Diretora Internacional da [&hellip;]\" \/>\n<meta property=\"og:url\" content=\"https:\/\/torredebabel.com.br\/site\/quem-somos\/\" \/>\n<meta property=\"og:site_name\" content=\"Torre de Babel\" \/>\n<meta property=\"article:publisher\" content=\"https:\/\/www.facebook.com\/TorreDeBabelIdiomas\" \/>\n<meta property=\"article:modified_time\" content=\"2021-05-26T00:06:56+00:00\" \/>\n<meta name=\"twitter:card\" content=\"summary_large_image\" \/>\n<script type=\"application\/ld+json\" class=\"yoast-schema-graph\">{\"@context\":\"https:\/\/schema.org\",\"@graph\":[{\"@type\":\"WebSite\",\"@id\":\"https:\/\/torredebabel.com.br\/site\/#website\",\"url\":\"https:\/\/torredebabel.com.br\/site\/\",\"name\":\"Torre de Babel\",\"description\":\"Idiomas e Culturas\",\"potentialAction\":[{\"@type\":\"SearchAction\",\"target\":\"https:\/\/torredebabel.com.br\/site\/?s={search_term_string}\",\"query-input\":\"required name=search_term_string\"}],\"inLanguage\":\"pt-BR\"},{\"@type\":\"WebPage\",\"@id\":\"https:\/\/torredebabel.com.br\/site\/quem-somos\/#webpage\",\"url\":\"https:\/\/torredebabel.com.br\/site\/quem-somos\/\",\"name\":\"Quem Somos - Torre de Babel\",\"isPartOf\":{\"@id\":\"https:\/\/torredebabel.com.br\/site\/#website\"},\"datePublished\":\"2019-08-20T16:05:00+00:00\",\"dateModified\":\"2021-05-26T00:06:56+00:00\",\"inLanguage\":\"pt-BR\",\"potentialAction\":[{\"@type\":\"ReadAction\",\"target\":[\"https:\/\/torredebabel.com.br\/site\/quem-somos\/\"]}]}]}<\/script>\n<!-- \/ Yoast SEO plugin. -->","_links":{"self":[{"href":"https:\/\/torredebabel.com.br\/site\/wp-json\/wp\/v2\/pages\/4416"}],"collection":[{"href":"https:\/\/torredebabel.com.br\/site\/wp-json\/wp\/v2\/pages"}],"about":[{"href":"https:\/\/torredebabel.com.br\/site\/wp-json\/wp\/v2\/types\/page"}],"author":[{"embeddable":true,"href":"https:\/\/torredebabel.com.br\/site\/wp-json\/wp\/v2\/users\/1"}],"replies":[{"embeddable":true,"href":"https:\/\/torredebabel.com.br\/site\/wp-json\/wp\/v2\/comments?post=4416"}],"version-history":[{"count":27,"href":"https:\/\/torredebabel.com.br\/site\/wp-json\/wp\/v2\/pages\/4416\/revisions"}],"predecessor-version":[{"id":5656,"href":"https:\/\/torredebabel.com.br\/site\/wp-json\/wp\/v2\/pages\/4416\/revisions\/5656"}],"wp:attachment":[{"href":"https:\/\/torredebabel.com.br\/site\/wp-json\/wp\/v2\/media?parent=4416"}],"curies":[{"name":"wp","href":"https:\/\/api.w.org\/{rel}","templated":true}]}}