{"id":3851,"date":"2019-08-05T15:08:02","date_gmt":"2019-08-05T18:08:02","guid":{"rendered":"http:\/\/torredebabel.com.br\/site\/?page_id=3851"},"modified":"2019-08-27T12:12:12","modified_gmt":"2019-08-27T15:12:12","slug":"preparatorio-para-o-celpe-bras","status":"publish","type":"page","link":"https:\/\/torredebabel.com.br\/site\/preparatorio-para-o-celpe-bras\/","title":{"rendered":"Preparat\u00f3rio para o CELPE-BRAS"},"content":{"rendered":"<p>[vc_row][vc_column width=&#8221;1\/6&#8243;][\/vc_column][vc_column width=&#8221;2\/3&#8243;][vc_column_text]<\/p>\n<h3>CELPE-BRAS<\/h3>\n<p>[\/vc_column_text][vc_single_image image=&#8221;3729&#8243; style=&#8221;vc_box_circle_2&#8243;][vc_column_text]<\/p>\n<div id=\"texto\">\n<p>Por exig\u00eancias oficiais, empresariais, de institui\u00e7\u00f5es de ensino ou at\u00e9 mesmo por quest\u00f5es pessoais, muitos estudantes de Portugu\u00eas como L\u00edngua Estrangeira decidem prestar o CELPE-BRAS, exame que possibilita a Certifica\u00e7\u00e3o de Profici\u00eancia em L\u00edngua Portuguesa para Estrangeiros.<\/p>\n<p>As provas s\u00e3o aplicadas duas vezes ao ano e \u00e9 preciso estar bem preparado para as entrevistas, compreens\u00f5es orais, textuais e outros pontos culturais e de conhecimento geral, pontos analisados na prova. A Torre de Babel Idiomas oferece cursos preparat\u00f3rios para o exame.<\/p>\n<p>Para mais informa\u00e7\u00f5es, por favor, escreva para\u00a0<a href=\"mailto:torredebabel@torredebabel.com.br\" target=\"_blank\" rel=\"noopener noreferrer\">torredebabel@torredebabel.com.br<\/a>.<\/p>\n<p>&nbsp;<\/p>\n<\/div>\n<p>[\/vc_column_text][\/vc_column][vc_column width=&#8221;1\/6&#8243;][\/vc_column][\/vc_row][vc_row full_width=&#8221;stretch_row_content_no_spaces&#8221;][vc_column][vc_separator color=&#8221;custom&#8221; border_width=&#8221;3&#8243; accent_color=&#8221;#713b5e&#8221;][\/vc_column][\/vc_row][vc_row][vc_column width=&#8221;1\/4&#8243;][vc_single_image image=&#8221;3441&#8243; img_size=&#8221;medium&#8221; alignment=&#8221;center&#8221;][\/vc_column][vc_column width=&#8221;3\/4&#8243;][vc_column_text]<\/p>\n<h3>Pague com Paypal ou Bradesco<\/h3>\n<p>Para pagamento de fora do Brasil, utilizar o sistema PAYPAL.<br \/>\nPara de dentro do Brasil, utilizamos Dep\u00f3sito Banc\u00e1rio, via Bradesco.[\/vc_column_text][\/vc_column][\/vc_row]<\/p>\n<!-- AddThis Advanced Settings generic via filter on the_content --><!-- AddThis Share Buttons generic via filter on the_content -->","protected":false},"excerpt":{"rendered":"<p>[vc_row][vc_column width=&#8221;1\/6&#8243;][\/vc_column][vc_column width=&#8221;2\/3&#8243;][vc_column_text] CELPE-BRAS [\/vc_column_text][vc_single_image image=&#8221;3729&#8243; style=&#8221;vc_box_circle_2&#8243;][vc_column_text] Por exig\u00eancias oficiais, empresariais, de institui\u00e7\u00f5es de ensino ou at\u00e9 mesmo por quest\u00f5es pessoais, muitos estudantes de Portugu\u00eas como L\u00edngua Estrangeira decidem prestar o CELPE-BRAS, exame que possibilita a Certifica\u00e7\u00e3o de Profici\u00eancia em L\u00edngua Portuguesa para Estrangeiros. As provas s\u00e3o aplicadas duas vezes ao ano e \u00e9 preciso [&hellip;]<!-- AddThis Advanced Settings generic via filter on get_the_excerpt --><!-- AddThis Share Buttons generic via filter on get_the_excerpt --><\/p>\n","protected":false},"author":1,"featured_media":0,"parent":0,"menu_order":0,"comment_status":"closed","ping_status":"closed","template":"","meta":[],"yoast_head":"<!-- This site is optimized with the Yoast SEO plugin v15.1.1 - https:\/\/yoast.com\/wordpress\/plugins\/seo\/ -->\n<title>Preparat\u00f3rio para o CELPE-BRAS - Torre de Babel<\/title>\n<meta name=\"robots\" content=\"index, follow, max-snippet:-1, max-image-preview:large, max-video-preview:-1\" \/>\n<link rel=\"canonical\" href=\"https:\/\/torredebabel.com.br\/site\/preparatorio-para-o-celpe-bras\/\" \/>\n<meta property=\"og:locale\" content=\"pt_BR\" \/>\n<meta property=\"og:type\" content=\"article\" \/>\n<meta property=\"og:title\" content=\"Preparat\u00f3rio para o CELPE-BRAS - Torre de Babel\" \/>\n<meta property=\"og:description\" content=\"[vc_row][vc_column width=&#8221;1\/6&#8243;][\/vc_column][vc_column width=&#8221;2\/3&#8243;][vc_column_text] CELPE-BRAS [\/vc_column_text][vc_single_image image=&#8221;3729&#8243; style=&#8221;vc_box_circle_2&#8243;][vc_column_text] Por exig\u00eancias oficiais, empresariais, de institui\u00e7\u00f5es de ensino ou at\u00e9 mesmo por quest\u00f5es pessoais, muitos estudantes de Portugu\u00eas como L\u00edngua Estrangeira decidem prestar o CELPE-BRAS, exame que possibilita a Certifica\u00e7\u00e3o de Profici\u00eancia em L\u00edngua Portuguesa para Estrangeiros. As provas s\u00e3o aplicadas duas vezes ao ano e \u00e9 preciso [&hellip;]\" \/>\n<meta property=\"og:url\" content=\"https:\/\/torredebabel.com.br\/site\/preparatorio-para-o-celpe-bras\/\" \/>\n<meta property=\"og:site_name\" content=\"Torre de Babel\" \/>\n<meta property=\"article:publisher\" content=\"https:\/\/www.facebook.com\/TorreDeBabelIdiomas\" \/>\n<meta property=\"article:modified_time\" content=\"2019-08-27T15:12:12+00:00\" \/>\n<meta name=\"twitter:card\" content=\"summary_large_image\" \/>\n<script type=\"application\/ld+json\" class=\"yoast-schema-graph\">{\"@context\":\"https:\/\/schema.org\",\"@graph\":[{\"@type\":\"WebSite\",\"@id\":\"https:\/\/torredebabel.com.br\/site\/#website\",\"url\":\"https:\/\/torredebabel.com.br\/site\/\",\"name\":\"Torre de Babel\",\"description\":\"Idiomas e Culturas\",\"potentialAction\":[{\"@type\":\"SearchAction\",\"target\":\"https:\/\/torredebabel.com.br\/site\/?s={search_term_string}\",\"query-input\":\"required name=search_term_string\"}],\"inLanguage\":\"pt-BR\"},{\"@type\":\"WebPage\",\"@id\":\"https:\/\/torredebabel.com.br\/site\/preparatorio-para-o-celpe-bras\/#webpage\",\"url\":\"https:\/\/torredebabel.com.br\/site\/preparatorio-para-o-celpe-bras\/\",\"name\":\"Preparat\\u00f3rio para o CELPE-BRAS - Torre de Babel\",\"isPartOf\":{\"@id\":\"https:\/\/torredebabel.com.br\/site\/#website\"},\"datePublished\":\"2019-08-05T18:08:02+00:00\",\"dateModified\":\"2019-08-27T15:12:12+00:00\",\"inLanguage\":\"pt-BR\",\"potentialAction\":[{\"@type\":\"ReadAction\",\"target\":[\"https:\/\/torredebabel.com.br\/site\/preparatorio-para-o-celpe-bras\/\"]}]}]}<\/script>\n<!-- \/ Yoast SEO plugin. -->","_links":{"self":[{"href":"https:\/\/torredebabel.com.br\/site\/wp-json\/wp\/v2\/pages\/3851"}],"collection":[{"href":"https:\/\/torredebabel.com.br\/site\/wp-json\/wp\/v2\/pages"}],"about":[{"href":"https:\/\/torredebabel.com.br\/site\/wp-json\/wp\/v2\/types\/page"}],"author":[{"embeddable":true,"href":"https:\/\/torredebabel.com.br\/site\/wp-json\/wp\/v2\/users\/1"}],"replies":[{"embeddable":true,"href":"https:\/\/torredebabel.com.br\/site\/wp-json\/wp\/v2\/comments?post=3851"}],"version-history":[{"count":7,"href":"https:\/\/torredebabel.com.br\/site\/wp-json\/wp\/v2\/pages\/3851\/revisions"}],"predecessor-version":[{"id":4680,"href":"https:\/\/torredebabel.com.br\/site\/wp-json\/wp\/v2\/pages\/3851\/revisions\/4680"}],"wp:attachment":[{"href":"https:\/\/torredebabel.com.br\/site\/wp-json\/wp\/v2\/media?parent=3851"}],"curies":[{"name":"wp","href":"https:\/\/api.w.org\/{rel}","templated":true}]}}