{"id":3847,"date":"2019-08-05T14:59:40","date_gmt":"2019-08-05T17:59:40","guid":{"rendered":"http:\/\/torredebabel.com.br\/site\/?page_id=3847"},"modified":"2019-08-27T14:28:02","modified_gmt":"2019-08-27T17:28:02","slug":"cursos-virtuais","status":"publish","type":"page","link":"https:\/\/torredebabel.com.br\/site\/cursos-virtuais\/","title":{"rendered":"Cursos Virtuais"},"content":{"rendered":"<p>[vc_row][vc_column width=&#8221;1\/6&#8243;][\/vc_column][vc_column width=&#8221;2\/3&#8243;][vc_column_text]<\/p>\n<h3 style=\"text-align: left;\">Curso de Portugu\u00eas como L\u00edngua Estrangeira<\/h3>\n<p>[\/vc_column_text][vc_single_image image=&#8221;3723&#8243; style=&#8221;vc_box_circle&#8221;][\/vc_column][vc_column width=&#8221;1\/6&#8243;][\/vc_column][\/vc_row][vc_row][vc_column width=&#8221;1\/6&#8243;][\/vc_column][vc_column width=&#8221;2\/3&#8243;][vc_column_text]<\/p>\n<div id=\"texto\" style=\"margin-bottom: -10px;\">\n<h3>B\u00e1sico<\/h3>\n<p>O objetivo do n\u00edvel b\u00e1sico \u00e9 trabalhar com di\u00e1logos voltados \u00e0s necessidades dos\u00a0<strong>rec\u00e9m-chegados<\/strong>\u00a0em situa\u00e7\u00f5es t\u00edpicas como:<\/p>\n<ul style=\"line-height: 1.3rem; margin-top: -17px;\">\n<li>compras<\/li>\n<li>restaurante<\/li>\n<li>moradia<\/li>\n<li>trabalho<\/li>\n<li>relacionamento com os brasileiros etc.<\/li>\n<\/ul>\n<p>S\u00e3o dadas informa\u00e7\u00f5es sobre o Brasil e o modo de ser dos brasileiros.<\/p>\n<\/div>\n<p>[\/vc_column_text][vc_column_text]<\/p>\n<div id=\"texto\" style=\"margin-bottom:-10px\">\n<h3>Intermedi\u00e1rio<\/h3>\n<p>O n\u00edvel intermedi\u00e1rio habilita o Aluno a\u00a0<strong>ler jornais<\/strong>\u00a0e a\u00a0<strong>discutir<\/strong>\u00a0assuntos atuais, opinando sobre os temas abordados. D\u00e1-se \u00eanfase ainda a um maior conhecimento do Brasil e da sua\u00a0<strong>cultura<\/strong>.<\/p>\n<\/div>\n<p>[\/vc_column_text][vc_column_text]<\/p>\n<div style=\"margin-bottom:-10px\">\n<h3>Avan\u00e7ado<\/h3>\n<p>O n\u00edvel avan\u00e7ado introduz constru\u00e7\u00f5es gramaticais\u00a0<strong>complexas<\/strong>\u00a0e possibilita\u00a0<strong>expandir<\/strong>\u00a0o vocabul\u00e1rio com a inclus\u00e3o de\u00a0<strong>termos t\u00e9cnicos<\/strong>\u00a0voltados ao interesse do Aluno; express\u00f5es idiom\u00e1ticas,\u00a0<strong>g\u00edrias<\/strong>\u00a0e prov\u00e9rbios mais usuais.<\/div>\n<p>[\/vc_column_text][vc_column_text]<\/p>\n<h3>Manuten\u00e7\u00e3o<\/h3>\n<p>Aulas individuais, em pares ou em grupos para a\u00a0<strong>manuten\u00e7\u00e3o<\/strong>\u00a0e o aperfei\u00e7oamento do uso do\u00a0<strong>portugu\u00eas falado<\/strong>, escrito e para o desenvolvimento cont\u00ednuo da capacidade de compreens\u00e3o oral e de leitura.[\/vc_column_text][vc_empty_space height=&#8221;45px&#8221;][\/vc_column][vc_column width=&#8221;1\/6&#8243;][\/vc_column][\/vc_row][vc_row full_width=&#8221;stretch_row_content_no_spaces&#8221;][vc_column][vc_separator color=&#8221;custom&#8221; border_width=&#8221;3&#8243; accent_color=&#8221;#713b5e&#8221;][\/vc_column][\/vc_row][vc_row][vc_column width=&#8221;1\/4&#8243;][vc_single_image image=&#8221;3441&#8243; img_size=&#8221;medium&#8221;][\/vc_column][vc_column width=&#8221;3\/4&#8243;][vc_column_text]<\/p>\n<h3>Pague com Paypal ou Bradesco<\/h3>\n<p>Para pagamento de fora do Brasil, utilizar o sistema PAYPAL.<br \/>\nPara de dentro do Brasil, utilizamos Dep\u00f3sito Banc\u00e1rio, via Bradesco.[\/vc_column_text][\/vc_column][\/vc_row][vc_row][vc_column][\/vc_column][\/vc_row]<\/p>\n<!-- AddThis Advanced Settings generic via filter on the_content --><!-- AddThis Share Buttons generic via filter on the_content -->","protected":false},"excerpt":{"rendered":"<p>[vc_row][vc_column width=&#8221;1\/6&#8243;][\/vc_column][vc_column width=&#8221;2\/3&#8243;][vc_column_text] Curso de Portugu\u00eas como L\u00edngua Estrangeira [\/vc_column_text][vc_single_image image=&#8221;3723&#8243; style=&#8221;vc_box_circle&#8221;][\/vc_column][vc_column width=&#8221;1\/6&#8243;][\/vc_column][\/vc_row][vc_row][vc_column width=&#8221;1\/6&#8243;][\/vc_column][vc_column width=&#8221;2\/3&#8243;][vc_column_text] B\u00e1sico O objetivo do n\u00edvel b\u00e1sico \u00e9 trabalhar com di\u00e1logos voltados \u00e0s necessidades dos\u00a0rec\u00e9m-chegados\u00a0em situa\u00e7\u00f5es t\u00edpicas como: compras restaurante moradia trabalho relacionamento com os brasileiros etc. S\u00e3o dadas informa\u00e7\u00f5es sobre o Brasil e o modo de ser dos brasileiros. [\/vc_column_text][vc_column_text] [&hellip;]<!-- AddThis Advanced Settings generic via filter on get_the_excerpt --><!-- AddThis Share Buttons generic via filter on get_the_excerpt --><\/p>\n","protected":false},"author":1,"featured_media":0,"parent":0,"menu_order":0,"comment_status":"closed","ping_status":"closed","template":"","meta":[],"yoast_head":"<!-- This site is optimized with the Yoast SEO plugin v15.1.1 - https:\/\/yoast.com\/wordpress\/plugins\/seo\/ -->\n<title>Cursos Virtuais - Torre de Babel<\/title>\n<meta name=\"robots\" content=\"index, follow, max-snippet:-1, max-image-preview:large, max-video-preview:-1\" \/>\n<link rel=\"canonical\" href=\"https:\/\/torredebabel.com.br\/site\/cursos-virtuais\/\" \/>\n<meta property=\"og:locale\" content=\"pt_BR\" \/>\n<meta property=\"og:type\" content=\"article\" \/>\n<meta property=\"og:title\" content=\"Cursos Virtuais - Torre de Babel\" \/>\n<meta property=\"og:description\" content=\"[vc_row][vc_column width=&#8221;1\/6&#8243;][\/vc_column][vc_column width=&#8221;2\/3&#8243;][vc_column_text] Curso de Portugu\u00eas como L\u00edngua Estrangeira [\/vc_column_text][vc_single_image image=&#8221;3723&#8243; style=&#8221;vc_box_circle&#8221;][\/vc_column][vc_column width=&#8221;1\/6&#8243;][\/vc_column][\/vc_row][vc_row][vc_column width=&#8221;1\/6&#8243;][\/vc_column][vc_column width=&#8221;2\/3&#8243;][vc_column_text] B\u00e1sico O objetivo do n\u00edvel b\u00e1sico \u00e9 trabalhar com di\u00e1logos voltados \u00e0s necessidades dos\u00a0rec\u00e9m-chegados\u00a0em situa\u00e7\u00f5es t\u00edpicas como: compras restaurante moradia trabalho relacionamento com os brasileiros etc. S\u00e3o dadas informa\u00e7\u00f5es sobre o Brasil e o modo de ser dos brasileiros. [\/vc_column_text][vc_column_text] [&hellip;]\" \/>\n<meta property=\"og:url\" content=\"https:\/\/torredebabel.com.br\/site\/cursos-virtuais\/\" \/>\n<meta property=\"og:site_name\" content=\"Torre de Babel\" \/>\n<meta property=\"article:publisher\" content=\"https:\/\/www.facebook.com\/TorreDeBabelIdiomas\" \/>\n<meta property=\"article:modified_time\" content=\"2019-08-27T17:28:02+00:00\" \/>\n<meta name=\"twitter:card\" content=\"summary_large_image\" \/>\n<script type=\"application\/ld+json\" class=\"yoast-schema-graph\">{\"@context\":\"https:\/\/schema.org\",\"@graph\":[{\"@type\":\"WebSite\",\"@id\":\"https:\/\/torredebabel.com.br\/site\/#website\",\"url\":\"https:\/\/torredebabel.com.br\/site\/\",\"name\":\"Torre de Babel\",\"description\":\"Idiomas e Culturas\",\"potentialAction\":[{\"@type\":\"SearchAction\",\"target\":\"https:\/\/torredebabel.com.br\/site\/?s={search_term_string}\",\"query-input\":\"required name=search_term_string\"}],\"inLanguage\":\"pt-BR\"},{\"@type\":\"WebPage\",\"@id\":\"https:\/\/torredebabel.com.br\/site\/cursos-virtuais\/#webpage\",\"url\":\"https:\/\/torredebabel.com.br\/site\/cursos-virtuais\/\",\"name\":\"Cursos Virtuais - Torre de Babel\",\"isPartOf\":{\"@id\":\"https:\/\/torredebabel.com.br\/site\/#website\"},\"datePublished\":\"2019-08-05T17:59:40+00:00\",\"dateModified\":\"2019-08-27T17:28:02+00:00\",\"inLanguage\":\"pt-BR\",\"potentialAction\":[{\"@type\":\"ReadAction\",\"target\":[\"https:\/\/torredebabel.com.br\/site\/cursos-virtuais\/\"]}]}]}<\/script>\n<!-- \/ Yoast SEO plugin. -->","_links":{"self":[{"href":"https:\/\/torredebabel.com.br\/site\/wp-json\/wp\/v2\/pages\/3847"}],"collection":[{"href":"https:\/\/torredebabel.com.br\/site\/wp-json\/wp\/v2\/pages"}],"about":[{"href":"https:\/\/torredebabel.com.br\/site\/wp-json\/wp\/v2\/types\/page"}],"author":[{"embeddable":true,"href":"https:\/\/torredebabel.com.br\/site\/wp-json\/wp\/v2\/users\/1"}],"replies":[{"embeddable":true,"href":"https:\/\/torredebabel.com.br\/site\/wp-json\/wp\/v2\/comments?post=3847"}],"version-history":[{"count":11,"href":"https:\/\/torredebabel.com.br\/site\/wp-json\/wp\/v2\/pages\/3847\/revisions"}],"predecessor-version":[{"id":4689,"href":"https:\/\/torredebabel.com.br\/site\/wp-json\/wp\/v2\/pages\/3847\/revisions\/4689"}],"wp:attachment":[{"href":"https:\/\/torredebabel.com.br\/site\/wp-json\/wp\/v2\/media?parent=3847"}],"curies":[{"name":"wp","href":"https:\/\/api.w.org\/{rel}","templated":true}]}}