{"id":3841,"date":"2019-08-05T14:37:39","date_gmt":"2019-08-05T17:37:39","guid":{"rendered":"http:\/\/torredebabel.com.br\/site\/?page_id=3841"},"modified":"2019-08-16T15:41:28","modified_gmt":"2019-08-16T18:41:28","slug":"minicursos-2","status":"publish","type":"page","link":"https:\/\/torredebabel.com.br\/site\/minicursos-2\/","title":{"rendered":"Minicursos"},"content":{"rendered":"<p>[vc_row][vc_column width=&#8221;1\/4&#8243;][\/vc_column][vc_column width=&#8221;1\/2&#8243;][vc_column_text]<\/p>\n<h3>Minicursos<\/h3>\n<p>[\/vc_column_text][vc_single_image image=&#8221;3652&#8243; style=&#8221;vc_box_shadow_border_circle_2&#8243;][vc_column_text]A Torre de Babel Idiomas e Culturas oferece minicursos presenciais e na modalidade a dist\u00e2ncia para Professores de Idiomas, com \u00eanfase maior em conte\u00fados que digam respeito a Professores de Portugu\u00eas como L\u00edngua Estrangeira, como Segunda L\u00edngua e como L\u00edngua de Heran\u00e7a.<\/p>\n<p>S\u00e3o cursos breves, de tr\u00eas horas cada, desenvolvidos a partir de Levantamentos de Necessidades feitos entre profissionais da \u00e1rea. Os grupos s\u00e3o pequenos (no m\u00e1ximo 6 participantes nos cursos presenciais e 4 nos cursos a dist\u00e2ncia), propiciando grande integra\u00e7\u00e3o e oportunidades de compartilhamento de ideias e de experi\u00eancias.<\/p>\n<p>ACOMPANHE NOSSA PROGRAMA\u00c7\u00c3O DIRETAMENTE PELO FACEBOOK DA TORRE DE BABEL IDIOMAS.<\/p>\n<p><a style=\"color: #000;\" href=\"https:\/\/www.facebook.com\/TorreDeBabelIdiomas\/\" target=\"_blank\" rel=\"noopener noreferrer\">\u00bb Acessar nossa FAN PAGE<\/a>.[\/vc_column_text][\/vc_column][vc_column width=&#8221;1\/4&#8243;][\/vc_column][\/vc_row]<\/p>\n<!-- AddThis Advanced Settings generic via filter on the_content --><!-- AddThis Share Buttons generic via filter on the_content -->","protected":false},"excerpt":{"rendered":"<p>[vc_row][vc_column width=&#8221;1\/4&#8243;][\/vc_column][vc_column width=&#8221;1\/2&#8243;][vc_column_text] Minicursos [\/vc_column_text][vc_single_image image=&#8221;3652&#8243; style=&#8221;vc_box_shadow_border_circle_2&#8243;][vc_column_text]A Torre de Babel Idiomas e Culturas oferece minicursos presenciais e na modalidade a dist\u00e2ncia para Professores de Idiomas, com \u00eanfase maior em conte\u00fados que digam respeito a Professores de Portugu\u00eas como L\u00edngua Estrangeira, como Segunda L\u00edngua e como L\u00edngua de Heran\u00e7a. S\u00e3o cursos breves, de tr\u00eas horas cada, [&hellip;]<!-- AddThis Advanced Settings generic via filter on get_the_excerpt --><!-- AddThis Share Buttons generic via filter on get_the_excerpt --><\/p>\n","protected":false},"author":1,"featured_media":0,"parent":0,"menu_order":0,"comment_status":"closed","ping_status":"closed","template":"","meta":[],"yoast_head":"<!-- This site is optimized with the Yoast SEO plugin v15.1.1 - https:\/\/yoast.com\/wordpress\/plugins\/seo\/ -->\n<title>Minicursos - Torre de Babel<\/title>\n<meta name=\"robots\" content=\"index, follow, max-snippet:-1, max-image-preview:large, max-video-preview:-1\" \/>\n<link rel=\"canonical\" href=\"https:\/\/torredebabel.com.br\/site\/minicursos-2\/\" \/>\n<meta property=\"og:locale\" content=\"pt_BR\" \/>\n<meta property=\"og:type\" content=\"article\" \/>\n<meta property=\"og:title\" content=\"Minicursos - Torre de Babel\" \/>\n<meta property=\"og:description\" content=\"[vc_row][vc_column width=&#8221;1\/4&#8243;][\/vc_column][vc_column width=&#8221;1\/2&#8243;][vc_column_text] Minicursos [\/vc_column_text][vc_single_image image=&#8221;3652&#8243; style=&#8221;vc_box_shadow_border_circle_2&#8243;][vc_column_text]A Torre de Babel Idiomas e Culturas oferece minicursos presenciais e na modalidade a dist\u00e2ncia para Professores de Idiomas, com \u00eanfase maior em conte\u00fados que digam respeito a Professores de Portugu\u00eas como L\u00edngua Estrangeira, como Segunda L\u00edngua e como L\u00edngua de Heran\u00e7a. S\u00e3o cursos breves, de tr\u00eas horas cada, [&hellip;]\" \/>\n<meta property=\"og:url\" content=\"https:\/\/torredebabel.com.br\/site\/minicursos-2\/\" \/>\n<meta property=\"og:site_name\" content=\"Torre de Babel\" \/>\n<meta property=\"article:publisher\" content=\"https:\/\/www.facebook.com\/TorreDeBabelIdiomas\" \/>\n<meta property=\"article:modified_time\" content=\"2019-08-16T18:41:28+00:00\" \/>\n<meta name=\"twitter:card\" content=\"summary_large_image\" \/>\n<script type=\"application\/ld+json\" class=\"yoast-schema-graph\">{\"@context\":\"https:\/\/schema.org\",\"@graph\":[{\"@type\":\"WebSite\",\"@id\":\"https:\/\/torredebabel.com.br\/site\/#website\",\"url\":\"https:\/\/torredebabel.com.br\/site\/\",\"name\":\"Torre de Babel\",\"description\":\"Idiomas e Culturas\",\"potentialAction\":[{\"@type\":\"SearchAction\",\"target\":\"https:\/\/torredebabel.com.br\/site\/?s={search_term_string}\",\"query-input\":\"required name=search_term_string\"}],\"inLanguage\":\"pt-BR\"},{\"@type\":\"WebPage\",\"@id\":\"https:\/\/torredebabel.com.br\/site\/minicursos-2\/#webpage\",\"url\":\"https:\/\/torredebabel.com.br\/site\/minicursos-2\/\",\"name\":\"Minicursos - Torre de Babel\",\"isPartOf\":{\"@id\":\"https:\/\/torredebabel.com.br\/site\/#website\"},\"datePublished\":\"2019-08-05T17:37:39+00:00\",\"dateModified\":\"2019-08-16T18:41:28+00:00\",\"inLanguage\":\"pt-BR\",\"potentialAction\":[{\"@type\":\"ReadAction\",\"target\":[\"https:\/\/torredebabel.com.br\/site\/minicursos-2\/\"]}]}]}<\/script>\n<!-- \/ Yoast SEO plugin. -->","_links":{"self":[{"href":"https:\/\/torredebabel.com.br\/site\/wp-json\/wp\/v2\/pages\/3841"}],"collection":[{"href":"https:\/\/torredebabel.com.br\/site\/wp-json\/wp\/v2\/pages"}],"about":[{"href":"https:\/\/torredebabel.com.br\/site\/wp-json\/wp\/v2\/types\/page"}],"author":[{"embeddable":true,"href":"https:\/\/torredebabel.com.br\/site\/wp-json\/wp\/v2\/users\/1"}],"replies":[{"embeddable":true,"href":"https:\/\/torredebabel.com.br\/site\/wp-json\/wp\/v2\/comments?post=3841"}],"version-history":[{"count":4,"href":"https:\/\/torredebabel.com.br\/site\/wp-json\/wp\/v2\/pages\/3841\/revisions"}],"predecessor-version":[{"id":4311,"href":"https:\/\/torredebabel.com.br\/site\/wp-json\/wp\/v2\/pages\/3841\/revisions\/4311"}],"wp:attachment":[{"href":"https:\/\/torredebabel.com.br\/site\/wp-json\/wp\/v2\/media?parent=3841"}],"curies":[{"name":"wp","href":"https:\/\/api.w.org\/{rel}","templated":true}]}}