{"id":3836,"date":"2019-08-05T14:24:40","date_gmt":"2019-08-05T17:24:40","guid":{"rendered":"http:\/\/torredebabel.com.br\/site\/?page_id=3836"},"modified":"2019-08-27T11:45:45","modified_gmt":"2019-08-27T14:45:45","slug":"cursos-diferenciados","status":"publish","type":"page","link":"https:\/\/torredebabel.com.br\/site\/cursos-diferenciados\/","title":{"rendered":"Cursos Diferenciados"},"content":{"rendered":"<p>[vc_row][vc_column width=&#8221;1\/6&#8243;][\/vc_column][vc_column width=&#8221;2\/3&#8243;][vc_column_text]<\/p>\n<h3>Curso Preparat\u00f3rio para o CELPE-BRAS<\/h3>\n<p>[\/vc_column_text][vc_single_image image=&#8221;3729&#8243; style=&#8221;vc_box_circle&#8221;][\/vc_column][vc_column width=&#8221;1\/6&#8243;][\/vc_column][\/vc_row][vc_row][vc_column width=&#8221;1\/6&#8243;][\/vc_column][vc_column width=&#8221;2\/3&#8243;][vc_column_text]Por exig\u00eancias oficiais, empresariais, de institui\u00e7\u00f5es de ensino ou at\u00e9 mesmo por quest\u00f5es pessoais, muitos estudantes de Portugu\u00eas como L\u00edngua Estrangeira decidem prestar o CELPE-BRAS, exame que possibilita a Certifica\u00e7\u00e3o de Profici\u00eancia em L\u00edngua Portuguesa para Estrangeiros.<\/p>\n<p>As provas s\u00e3o aplicadas duas vezes ao ano e \u00e9 preciso estar bem preparado para os exerc\u00edcios de compreens\u00e3o oral, textuais e outros pontos culturais e de conhecimento geral, pontos analisados na prova. A Torre de Babel Idiomas oferece cursos preparat\u00f3rios para o exame.[\/vc_column_text][\/vc_column][vc_column width=&#8221;1\/6&#8243;][\/vc_column][\/vc_row][vc_row][vc_column width=&#8221;1\/2&#8243;][\/vc_column][vc_column width=&#8221;1\/2&#8243;][\/vc_column][\/vc_row][vc_row full_width=&#8221;stretch_row_content_no_spaces&#8221;][vc_column][vc_empty_space height=&#8221;45px&#8221;][vc_separator color=&#8221;custom&#8221; border_width=&#8221;3&#8243; accent_color=&#8221;#713b5e&#8221;][\/vc_column][\/vc_row][vc_row][vc_column width=&#8221;1\/6&#8243;][\/vc_column][vc_column width=&#8221;2\/3&#8243;][vc_column_text]<\/p>\n<h3>Curso de Ingl\u00eas<\/h3>\n<p>[\/vc_column_text][vc_single_image image=&#8221;3734&#8243; style=&#8221;vc_box_circle&#8221;][\/vc_column][vc_column width=&#8221;1\/6&#8243;][\/vc_column][\/vc_row][vc_row][vc_column width=&#8221;1\/6&#8243;][\/vc_column][vc_column width=&#8221;2\/3&#8243;][vc_column_text]<\/p>\n<h3>Ingl\u00eas Instrumental\/Leitura<\/h3>\n<p>Direcionado ao Aluno que necessite APENAS de leitura e EVENTUALMENTE precise\u00a0<strong>comunicar-se por escrito<\/strong>. Ao t\u00e9rmino do curso, o Aluno deve estar apto a: interpretar textos, manuais, correspond\u00eancias etc; redigir relat\u00f3rios, cartas, mensagens eletr\u00f4nicas, com conte\u00fado\u00a0<strong>intermedi\u00e1rio<\/strong>\u00a0do idioma.[\/vc_column_text][vc_column_text]<\/p>\n<h3>Curso preparat\u00f3rio para Viagens<\/h3>\n<p>Capacita o Aluno a se\u00a0<strong>comunicar<\/strong>\u00a0em sua\u00a0<strong>viagem<\/strong>\u00a0ao exterior e\/ou aumenta sua desenvoltura na comunica\u00e7\u00e3o em geral. O trabalho do professor \u00e9 totalmente direcionado a atender \u00e0s necessidades do Aluno.<\/p>\n<p>O n\u00famero de aulas depender\u00e1 da urg\u00eancia e do tempo de que o Aluno disp\u00f5e antes da viagem.[\/vc_column_text][\/vc_column][vc_column width=&#8221;1\/6&#8243;][\/vc_column][\/vc_row][vc_row][vc_column width=&#8221;1\/2&#8243;][\/vc_column][vc_column width=&#8221;1\/2&#8243;][\/vc_column][\/vc_row][vc_row full_width=&#8221;stretch_row_content_no_spaces&#8221;][vc_column][vc_empty_space height=&#8221;45px&#8221;][vc_separator color=&#8221;custom&#8221; border_width=&#8221;3&#8243; accent_color=&#8221;#713b5e&#8221;][\/vc_column][\/vc_row][vc_row][vc_column width=&#8221;1\/6&#8243;][\/vc_column][vc_column width=&#8221;2\/3&#8243;][vc_column_text]<\/p>\n<h3>Curso de Japon\u00eas<\/h3>\n<p>[\/vc_column_text][vc_single_image image=&#8221;3737&#8243; style=&#8221;vc_box_border_circle&#8221;][\/vc_column][vc_column width=&#8221;1\/6&#8243;][\/vc_column][\/vc_row][vc_row][vc_column width=&#8221;1\/6&#8243;][\/vc_column][vc_column width=&#8221;2\/3&#8243;][vc_column_text]<\/p>\n<h3>Curso preparat\u00f3rio para Viagens<\/h3>\n<p>A carga hor\u00e1ria vai depender da disponibilidade de cada Aluno. O objetivo final \u00e9 diminuir ao m\u00e1ximo o\u00a0<strong>choque cultural<\/strong>\u00a0ao chegar ao Jap\u00e3o;\u00a0<strong>compreender<\/strong>\u00a0os japoneses, visando um melhor relacionamento; e aprimorar o conhecimento do\u00a0<strong>idioma falado<\/strong>.[\/vc_column_text][vc_column_text]<\/p>\n<h3>Curso de Cultura Japonesa<\/h3>\n<p>Voltado \u00e0queles que n\u00e3o disp\u00f5em de\u00a0<strong>tempo suficiente<\/strong>\u00a0para participar do Curso Preparat\u00f3rio para Viagens. O objetivo \u00e9 dar instrumentos ao Aluno para que\u00a0<strong>compreenda<\/strong>\u00a0os japoneses, visando um melhor\u00a0<strong>relacionamento<\/strong>\u00a0humano. Ser\u00e1 apresentado o vocabul\u00e1rio do idioma n\u00e3o s\u00f3 para emerg\u00eancias ou uso cotidiano (sobreviv\u00eancia), mas tamb\u00e9m para facilitar uma\u00a0<strong>aproxima\u00e7\u00e3o<\/strong>\u00a0mais r\u00e1pida com os japoneses.[\/vc_column_text][\/vc_column][vc_column width=&#8221;1\/6&#8243;][\/vc_column][\/vc_row][vc_row][vc_column width=&#8221;1\/2&#8243;][\/vc_column][vc_column width=&#8221;1\/2&#8243;][\/vc_column][\/vc_row][vc_row full_width=&#8221;stretch_row_content_no_spaces&#8221;][vc_column][vc_empty_space height=&#8221;45px&#8221;][vc_separator color=&#8221;custom&#8221; border_width=&#8221;3&#8243; accent_color=&#8221;#713b5e&#8221;][\/vc_column][\/vc_row][vc_row][vc_column width=&#8221;1\/6&#8243;][\/vc_column][vc_column width=&#8221;2\/3&#8243;][vc_column_text]<\/p>\n<h3 style=\"text-align: left;\">Curso de Portugu\u00eas<\/h3>\n<p>[\/vc_column_text][vc_single_image image=&#8221;3723&#8243; style=&#8221;vc_box_circle&#8221;][\/vc_column][vc_column width=&#8221;1\/6&#8243;][\/vc_column][\/vc_row][vc_row][vc_column width=&#8221;1\/6&#8243;][\/vc_column][vc_column width=&#8221;2\/3&#8243;][vc_column_text]<\/p>\n<h3>Curso de Comunica\u00e7\u00e3o Escrita<\/h3>\n<p>Escrever bem \u00e9 requisito b\u00e1sico para uma carreira promissora. Transmitir suas ideias para o papel de forma clara e coesa, sem rodeios. \u00e9 uma habilidade que deve ser treinada e reciclada. O Curso de Comunica\u00e7\u00e3o Escrita oferece uma programa\u00e7\u00e3o objetiva \u00e0queles que querem parar de adiar o momento de escrever.<\/p>\n<p><strong>Carga Hor\u00e1ria:\u00a0<\/strong><br \/>\nCustomizada de acordo com o p\u00fablico-alvo. O conte\u00fado program\u00e1tico e os objetivos do curso s\u00e3o definidos a partir de um Levantamento de Necessidades.<\/p>\n<p><strong>Objetivos Principais do Curso:\u00a0<\/strong><\/p>\n<p style=\"margin-bottom: 15px;\">\n1.\u00a0 Possibilitar a produ\u00e7\u00e3o de uma escrita clara, expressiva e coerente.<\/p>\n<p style=\"margin-bottom: 15px;\">\n2. Lidar com graus de formalidade da escrita do dia a dia e discutir a escolha dos jarg\u00f5es e textos aplicados a cada caso.<\/p>\n<p style=\"margin-bottom: 15px;\">\n3. Apresentar conte\u00fados gramaticais pertinentes \u00e0 pr\u00e1tica real do p\u00fablico-alvo, propor quest\u00f5es, levantar discuss\u00f5es e solucionar d\u00favidas sobre os mesmos.<\/p>\n<p style=\"margin-bottom: 15px;\">\n4. Proporcionar momentos aut\u00eanticos do uso da l\u00edngua portuguesa por meio de atividades que possibilitam a pr\u00e1tica real da comunica\u00e7\u00e3o escrita.[\/vc_column_text][\/vc_column][vc_column width=&#8221;1\/6&#8243;][\/vc_column][\/vc_row][vc_row][vc_column width=&#8221;1\/2&#8243;][\/vc_column][vc_column width=&#8221;1\/2&#8243;][\/vc_column][\/vc_row][vc_row full_width=&#8221;stretch_row_content_no_spaces&#8221;][vc_column][vc_empty_space height=&#8221;45px&#8221;][vc_separator color=&#8221;custom&#8221; border_width=&#8221;3&#8243; accent_color=&#8221;#713b5e&#8221;][\/vc_column][\/vc_row][vc_row][vc_column width=&#8221;1\/4&#8243;][vc_single_image image=&#8221;3441&#8243; img_size=&#8221;medium&#8221;][\/vc_column][vc_column width=&#8221;3\/4&#8243;][vc_column_text]<\/p>\n<h3>Pague com Paypal ou pelo Bradesco<\/h3>\n<p>Para pagamentos feitos fora do Brasil, utilizamos o sistema PAYPAL.<br \/>\nPara pagamentos feitos diretamente no Brasil, utilizamos Dep\u00f3sitos Banc\u00e1rios no Bradesco.[\/vc_column_text][\/vc_column][\/vc_row][vc_row][vc_column][\/vc_column][\/vc_row]<\/p>\n<!-- AddThis Advanced Settings generic via filter on the_content --><!-- AddThis Share Buttons generic via filter on the_content -->","protected":false},"excerpt":{"rendered":"<p>[vc_row][vc_column width=&#8221;1\/6&#8243;][\/vc_column][vc_column width=&#8221;2\/3&#8243;][vc_column_text] Curso Preparat\u00f3rio para o CELPE-BRAS [\/vc_column_text][vc_single_image image=&#8221;3729&#8243; style=&#8221;vc_box_circle&#8221;][\/vc_column][vc_column width=&#8221;1\/6&#8243;][\/vc_column][\/vc_row][vc_row][vc_column width=&#8221;1\/6&#8243;][\/vc_column][vc_column width=&#8221;2\/3&#8243;][vc_column_text]Por exig\u00eancias oficiais, empresariais, de institui\u00e7\u00f5es de ensino ou at\u00e9 mesmo por quest\u00f5es pessoais, muitos estudantes de Portugu\u00eas como L\u00edngua Estrangeira decidem prestar o CELPE-BRAS, exame que possibilita a Certifica\u00e7\u00e3o de Profici\u00eancia em L\u00edngua Portuguesa para Estrangeiros. As provas s\u00e3o aplicadas duas [&hellip;]<!-- AddThis Advanced Settings generic via filter on get_the_excerpt --><!-- AddThis Share Buttons generic via filter on get_the_excerpt --><\/p>\n","protected":false},"author":1,"featured_media":0,"parent":0,"menu_order":0,"comment_status":"closed","ping_status":"closed","template":"","meta":[],"yoast_head":"<!-- This site is optimized with the Yoast SEO plugin v15.1.1 - https:\/\/yoast.com\/wordpress\/plugins\/seo\/ -->\n<title>Cursos Diferenciados - Torre de Babel<\/title>\n<meta name=\"robots\" content=\"index, follow, max-snippet:-1, max-image-preview:large, max-video-preview:-1\" \/>\n<link rel=\"canonical\" href=\"https:\/\/torredebabel.com.br\/site\/cursos-diferenciados\/\" \/>\n<meta property=\"og:locale\" content=\"pt_BR\" \/>\n<meta property=\"og:type\" content=\"article\" \/>\n<meta property=\"og:title\" content=\"Cursos Diferenciados - Torre de Babel\" \/>\n<meta property=\"og:description\" content=\"[vc_row][vc_column width=&#8221;1\/6&#8243;][\/vc_column][vc_column width=&#8221;2\/3&#8243;][vc_column_text] Curso Preparat\u00f3rio para o CELPE-BRAS [\/vc_column_text][vc_single_image image=&#8221;3729&#8243; style=&#8221;vc_box_circle&#8221;][\/vc_column][vc_column width=&#8221;1\/6&#8243;][\/vc_column][\/vc_row][vc_row][vc_column width=&#8221;1\/6&#8243;][\/vc_column][vc_column width=&#8221;2\/3&#8243;][vc_column_text]Por exig\u00eancias oficiais, empresariais, de institui\u00e7\u00f5es de ensino ou at\u00e9 mesmo por quest\u00f5es pessoais, muitos estudantes de Portugu\u00eas como L\u00edngua Estrangeira decidem prestar o CELPE-BRAS, exame que possibilita a Certifica\u00e7\u00e3o de Profici\u00eancia em L\u00edngua Portuguesa para Estrangeiros. As provas s\u00e3o aplicadas duas [&hellip;]\" \/>\n<meta property=\"og:url\" content=\"https:\/\/torredebabel.com.br\/site\/cursos-diferenciados\/\" \/>\n<meta property=\"og:site_name\" content=\"Torre de Babel\" \/>\n<meta property=\"article:publisher\" content=\"https:\/\/www.facebook.com\/TorreDeBabelIdiomas\" \/>\n<meta property=\"article:modified_time\" content=\"2019-08-27T14:45:45+00:00\" \/>\n<meta name=\"twitter:card\" content=\"summary_large_image\" \/>\n<script type=\"application\/ld+json\" class=\"yoast-schema-graph\">{\"@context\":\"https:\/\/schema.org\",\"@graph\":[{\"@type\":\"WebSite\",\"@id\":\"https:\/\/torredebabel.com.br\/site\/#website\",\"url\":\"https:\/\/torredebabel.com.br\/site\/\",\"name\":\"Torre de Babel\",\"description\":\"Idiomas e Culturas\",\"potentialAction\":[{\"@type\":\"SearchAction\",\"target\":\"https:\/\/torredebabel.com.br\/site\/?s={search_term_string}\",\"query-input\":\"required name=search_term_string\"}],\"inLanguage\":\"pt-BR\"},{\"@type\":\"WebPage\",\"@id\":\"https:\/\/torredebabel.com.br\/site\/cursos-diferenciados\/#webpage\",\"url\":\"https:\/\/torredebabel.com.br\/site\/cursos-diferenciados\/\",\"name\":\"Cursos Diferenciados - Torre de Babel\",\"isPartOf\":{\"@id\":\"https:\/\/torredebabel.com.br\/site\/#website\"},\"datePublished\":\"2019-08-05T17:24:40+00:00\",\"dateModified\":\"2019-08-27T14:45:45+00:00\",\"inLanguage\":\"pt-BR\",\"potentialAction\":[{\"@type\":\"ReadAction\",\"target\":[\"https:\/\/torredebabel.com.br\/site\/cursos-diferenciados\/\"]}]}]}<\/script>\n<!-- \/ Yoast SEO plugin. -->","_links":{"self":[{"href":"https:\/\/torredebabel.com.br\/site\/wp-json\/wp\/v2\/pages\/3836"}],"collection":[{"href":"https:\/\/torredebabel.com.br\/site\/wp-json\/wp\/v2\/pages"}],"about":[{"href":"https:\/\/torredebabel.com.br\/site\/wp-json\/wp\/v2\/types\/page"}],"author":[{"embeddable":true,"href":"https:\/\/torredebabel.com.br\/site\/wp-json\/wp\/v2\/users\/1"}],"replies":[{"embeddable":true,"href":"https:\/\/torredebabel.com.br\/site\/wp-json\/wp\/v2\/comments?post=3836"}],"version-history":[{"count":11,"href":"https:\/\/torredebabel.com.br\/site\/wp-json\/wp\/v2\/pages\/3836\/revisions"}],"predecessor-version":[{"id":4679,"href":"https:\/\/torredebabel.com.br\/site\/wp-json\/wp\/v2\/pages\/3836\/revisions\/4679"}],"wp:attachment":[{"href":"https:\/\/torredebabel.com.br\/site\/wp-json\/wp\/v2\/media?parent=3836"}],"curies":[{"name":"wp","href":"https:\/\/api.w.org\/{rel}","templated":true}]}}