{"id":3832,"date":"2019-08-05T13:59:55","date_gmt":"2019-08-05T16:59:55","guid":{"rendered":"http:\/\/torredebabel.com.br\/site\/?page_id=3832"},"modified":"2019-08-27T15:35:45","modified_gmt":"2019-08-27T18:35:45","slug":"cursos-regulares","status":"publish","type":"page","link":"https:\/\/torredebabel.com.br\/site\/cursos-regulares\/","title":{"rendered":"Cursos Regulares"},"content":{"rendered":"<p>[vc_row full_width=&#8221;stretch_row_content&#8221;][vc_column][vc_row_inner][vc_column_inner width=&#8221;1\/6&#8243;][\/vc_column_inner][vc_column_inner width=&#8221;2\/3&#8243;][vc_column_text]<\/p>\n<h3 style=\"text-align: left;\">Curso de Ingl\u00eas<a name=\"celpebras\"><\/a><\/h3>\n<p>[\/vc_column_text][vc_single_image image=&#8221;3734&#8243; style=&#8221;vc_box_circle&#8221;][\/vc_column_inner][vc_column_inner width=&#8221;1\/6&#8243;][\/vc_column_inner][\/vc_row_inner][vc_row_inner][vc_column_inner width=&#8221;1\/6&#8243;][\/vc_column_inner][vc_column_inner width=&#8221;2\/3&#8243;][vc_column_text]<\/p>\n<h3>B\u00e1sico I e II<\/h3>\n<div id=\"box-destaque-aulas-programa\">\n<div id=\"texto\">\n<p>Espera-se que o Aluno, ao t\u00e9rmino do curso b\u00e1sico, esteja preparado para: descrever seus\u00a0<strong>h\u00e1bitos<\/strong>\u00a0e sua\u00a0<strong>rotina<\/strong>; expressar sua\u00a0<strong>opini\u00e3o<\/strong>\u00a0sobre\u00a0<strong>lugares e pessoas<\/strong>; fazer\u00a0<strong>planos<\/strong>;\u00a0<strong>conversar<\/strong>\u00a0sobre recentes mudan\u00e7as ocorridas na vizinhan\u00e7a, no lar, no trabalho;\u00a0<strong>desculpar-se<\/strong>;\u00a0<strong>reclamar<\/strong>\u00a0em locais p\u00fablicos como lojas e restaurantes;\u00a0<strong>convidar<\/strong>\u00a0os amigos para uma festa ou reuni\u00e3o;\u00a0<strong>aceitar ou recusar<\/strong>\u00a0polidamente e fazer\u00a0<strong>previs\u00f5es sobre o futuro<\/strong>.<\/div>\n<\/div>\n<p>[\/vc_column_text][vc_column_text]<\/p>\n<h3>Intermedi\u00e1rio I e II<\/h3>\n<p>O Aluno conseguir\u00e1 comunicar-se com relativa\u00a0<strong>desenvoltura<\/strong>. Sua compreens\u00e3o oral, bem como seu vocabul\u00e1rio estar\u00e3o bem mais desenvolvidos. Estar\u00e1 preparado a enfrentar situa\u00e7\u00f5es como:\u00a0<strong>falar ao telefone<\/strong>\u00a0com facilidade;\u00a0<strong>discutir condi\u00e7\u00f5es de trabalho<\/strong>\u00a0e descrever tarefas;\u00a0<strong>explicar costumes locais a estrangeiros<\/strong>\u00a0e\u00a0<strong>discutir diferen\u00e7as culturais<\/strong>; lidar com problemas relacionados a viagens de neg\u00f3cios e participar efetivamente de uma reuni\u00e3o.[\/vc_column_text][vc_column_text]<\/p>\n<h3>Avan\u00e7ado I e II<\/h3>\n<p style=\"text-align: left;\">O Aluno ter\u00e1 um\u00a0<strong>vocabul\u00e1rio ativo<\/strong>\u00a0e\u00a0<strong>passivo<\/strong> muito mais apurado.<br \/>\nConfiante no seu conhecimento gramatical e no seu vocabul\u00e1rio, o Aluno estar\u00e1 apto a <strong>desenvolver<\/strong>,<br \/>\nentre outros, os seguintes aspectos:<\/p>\n<ul style=\"line-height: 1.3rem; margin-top: -1rem;\">\n<li style=\"text-align: left;\">descrever regras e dar instru\u00e7\u00f5es detalhadas<\/li>\n<li style=\"text-align: left;\">expressar opini\u00f5es formalmente<\/li>\n<li style=\"text-align: left;\">usar adequadamente a entona\u00e7\u00e3o em per\u00edodos mais longos<\/li>\n<li style=\"text-align: left;\">interromper<\/li>\n<li style=\"text-align: left;\">dar sua opini\u00e3o<\/li>\n<li style=\"text-align: left;\">concordar e discordar, com mais seguran\u00e7a, em discuss\u00f5es e debates<\/li>\n<li style=\"text-align: left;\">contar uma experi\u00eancia ou evento passados usando os tempos verbais adequadamente com maior diversidade de vocabul\u00e1rio<\/li>\n<li style=\"text-align: left;\">persuadir e convencer<\/li>\n<\/ul>\n<p>[\/vc_column_text][vc_column_text]<\/p>\n<h3>Manuten\u00e7\u00e3o<\/h3>\n<p>Visa fazer o Aluno compreender as sutilezas do idioma por meio da <strong>leitura<\/strong>\u00a0mais aprofundada de jornais e revistas. O Aluno desenvolve ainda mais sua habilidade de\u00a0<strong>conversa\u00e7\u00e3o<\/strong>. As estruturas gramaticais s\u00e3o revisadas e inseridas de acordo com a\u00a0<strong>necessidade do grupo<\/strong>. Trabalha-se para que o Aluno aumente seu vocabul\u00e1rio e adquira mais confian\u00e7a em sua\u00a0<strong>comunica\u00e7\u00e3o<\/strong>.[\/vc_column_text][\/vc_column_inner][vc_column_inner width=&#8221;1\/6&#8243;][\/vc_column_inner][\/vc_row_inner][vc_row_inner][vc_column_inner width=&#8221;1\/2&#8243;][\/vc_column_inner][vc_column_inner width=&#8221;1\/2&#8243;][\/vc_column_inner][\/vc_row_inner][vc_empty_space height=&#8221;45px&#8221;][\/vc_column][\/vc_row][vc_row full_width=&#8221;stretch_row_content_no_spaces&#8221;][vc_column][vc_separator color=&#8221;custom&#8221; border_width=&#8221;3&#8243; accent_color=&#8221;#713b5e&#8221;][\/vc_column][\/vc_row][vc_row full_width=&#8221;stretch_row_content&#8221;][vc_column][vc_row_inner el_id=&#8221;linguaEstrangeira&#8221;][vc_column_inner width=&#8221;1\/6&#8243;][\/vc_column_inner][vc_column_inner width=&#8221;2\/3&#8243;][vc_column_text]<\/p>\n<h3>Curso de Portugu\u00eas como L\u00edngua Estrangeira<\/h3>\n<p>[\/vc_column_text][vc_single_image image=&#8221;3723&#8243; style=&#8221;vc_box_circle&#8221;][\/vc_column_inner][vc_column_inner width=&#8221;1\/6&#8243;][\/vc_column_inner][\/vc_row_inner][vc_row_inner][vc_column_inner width=&#8221;1\/6&#8243;][\/vc_column_inner][vc_column_inner width=&#8221;2\/3&#8243;][vc_column_text]<\/p>\n<h3>B\u00e1sico<\/h3>\n<p>O objetivo do n\u00edvel b\u00e1sico \u00e9 trabalhar com di\u00e1logos voltados \u00e0s necessidades dos\u00a0<strong>Alunos<\/strong>\u00a0em situa\u00e7\u00f5es t\u00edpicas como:<\/p>\n<ul style=\"line-height: 1.3rem; margin-top: -1rem;\">\n<li>compras<\/li>\n<li>restaurante<\/li>\n<li>moradia<\/li>\n<li>trabalho<\/li>\n<li>relacionamento com os brasileiros etc.<\/li>\n<\/ul>\n<p>S\u00e3o dadas informa\u00e7\u00f5es sobre o Brasil e o modo de ser dos brasileiros.[\/vc_column_text][vc_column_text]<\/p>\n<h3>Intermedi\u00e1rio<\/h3>\n<p>O n\u00edvel intermedi\u00e1rio habilita o Aluno a\u00a0<strong>ler jornais<\/strong>\u00a0e a\u00a0<strong>discutir<\/strong> assuntos atuais, opinando sobre os temas abordados. D\u00e1-se \u00eanfase, ainda, a um maior conhecimento do Brasil e da sua <strong>cultura<\/strong>.[\/vc_column_text][vc_column_text]<\/p>\n<h3>Avan\u00e7ado<\/h3>\n<p>O n\u00edvel avan\u00e7ado introduz constru\u00e7\u00f5es gramaticais\u00a0<strong>complexas<\/strong>\u00a0e possibilita\u00a0<strong>expandir<\/strong>\u00a0o vocabul\u00e1rio com a inclus\u00e3o de\u00a0<strong>termos t\u00e9cnicos<\/strong>\u00a0voltados ao interesse do Aluno; express\u00f5es idiom\u00e1ticas,\u00a0<strong>g\u00edrias<\/strong>\u00a0e prov\u00e9rbios mais usuais.[\/vc_column_text][vc_column_text]<\/p>\n<h3>Manuten\u00e7\u00e3o<\/h3>\n<p>Aulas individuais, em pares ou em grupos, para a <strong>manuten\u00e7\u00e3o<\/strong>\u00a0e o aperfei\u00e7oamento do uso do\u00a0<strong>portugu\u00eas falado<\/strong>, escrito, e para o desenvolvimento cont\u00ednuo da capacidade de compreens\u00e3o oral e de leitura.[\/vc_column_text][\/vc_column_inner][vc_column_inner width=&#8221;1\/6&#8243;][\/vc_column_inner][\/vc_row_inner][vc_row_inner][vc_column_inner width=&#8221;1\/2&#8243;][\/vc_column_inner][vc_column_inner width=&#8221;1\/2&#8243;][\/vc_column_inner][\/vc_row_inner][vc_empty_space height=&#8221;45px&#8221;][\/vc_column][\/vc_row][vc_row full_width=&#8221;stretch_row_content_no_spaces&#8221;][vc_column][vc_separator color=&#8221;custom&#8221; border_width=&#8221;3&#8243; accent_color=&#8221;#713b5e&#8221;][\/vc_column][\/vc_row][vc_row full_width=&#8221;stretch_row_content&#8221;][vc_column][vc_row_inner][vc_column_inner width=&#8221;1\/6&#8243;][\/vc_column_inner][vc_column_inner width=&#8221;2\/3&#8243;][vc_column_text]<\/p>\n<h3>Curso de Japon\u00eas<a name=\"celpebras\"><\/a><\/h3>\n<p>[\/vc_column_text][vc_single_image image=&#8221;3737&#8243; style=&#8221;vc_box_border_circle&#8221;][\/vc_column_inner][vc_column_inner width=&#8221;1\/6&#8243;][\/vc_column_inner][\/vc_row_inner][vc_row_inner][vc_column_inner width=&#8221;1\/6&#8243;][\/vc_column_inner][vc_column_inner width=&#8221;2\/3&#8243;][vc_column_text]<\/p>\n<h3>B\u00e1sico<\/h3>\n<p>Nos n\u00edveis b\u00e1sicos (I a IV), o Aluno aprender\u00e1 a maioria das\u00a0<strong>estruturas gramaticais<\/strong>\u00a0b\u00e1sicas, sendo capaz de expressar seus sentimentos, desejos, ordens, pedidos, al\u00e9m de dar opini\u00f5es, fazer compara\u00e7\u00f5es etc em diversas situa\u00e7\u00f5es,\u00a0<strong>formais<\/strong>\u00a0ou\u00a0<strong>informais<\/strong>. Ser\u00e3o ensinados cerca de\u00a0<strong>150\u00a0<em>kanjis<\/em><\/strong>\u00a0com \u00eanfase na\u00a0<strong>leitura<\/strong>\u00a0dos mesmos.[\/vc_column_text][vc_column_text]<\/p>\n<h3>Intermedi\u00e1rio<\/h3>\n<p>Nos n\u00edveis intermedi\u00e1rios (I e II), o Aluno estar\u00e1 apto a dar instru\u00e7\u00f5es e conselhos, a fazer elogios, cr\u00edticas, dar telefonemas etc nas mais variadas circunst\u00e2ncias, dando maior \u00eanfase \u00e0s\u00a0<strong>situa\u00e7\u00f5es empresariais<\/strong>. Ao t\u00e9rmino deste n\u00edvel, todas as\u00a0<strong>estruturas gramaticais<\/strong>\u00a0ter\u00e3o sido abordadas. A meta principal \u00e9 adquirir\u00a0<strong>flu\u00eancia<\/strong>\u00a0na conversa\u00e7\u00e3o.[\/vc_column_text][vc_column_text]<\/p>\n<h3>Avan\u00e7ado<\/h3>\n<p>O objetivo dos n\u00edveis avan\u00e7ados (I e II) \u00e9\u00a0<strong>aprimorar<\/strong>\u00a0o conhecimento e o uso do idioma, aprendendo a usar diversas express\u00f5es idiom\u00e1ticas e prov\u00e9rbios mais usuais;\u00a0aumentar o vocabul\u00e1rio, incluindo\u00a0<strong>termos t\u00e9cnicos<\/strong>\u00a0voltados para o mundo dos neg\u00f3cios; desenvolver a conversa\u00e7\u00e3o em diferentes contextos, al\u00e9m de\u00a0<strong>aumentar o n\u00famero de\u00a0<em>kanjis<\/em><\/strong>\u00a0necess\u00e1rios para a leitura de textos.[\/vc_column_text][\/vc_column_inner][vc_column_inner width=&#8221;1\/6&#8243;][\/vc_column_inner][\/vc_row_inner][vc_row_inner][vc_column_inner width=&#8221;1\/2&#8243;][\/vc_column_inner][\/vc_row_inner][\/vc_column][\/vc_row][vc_row full_width=&#8221;stretch_row_content_no_spaces&#8221;][vc_column][vc_empty_space height=&#8221;45px&#8221;][vc_separator color=&#8221;custom&#8221; border_width=&#8221;3&#8243; accent_color=&#8221;#713b5e&#8221;][\/vc_column][\/vc_row][vc_row full_width=&#8221;stretch_row_content&#8221;][vc_column][vc_row_inner][vc_column_inner width=&#8221;1\/6&#8243;][\/vc_column_inner][vc_column_inner width=&#8221;2\/3&#8243;][vc_column_text]<\/p>\n<h3>Curso de Espanhol<a name=\"celpebras\"><\/a><\/h3>\n<p>[\/vc_column_text][vc_single_image image=&#8221;3739&#8243; style=&#8221;vc_box_circle&#8221;][\/vc_column_inner][vc_column_inner width=&#8221;1\/6&#8243;][\/vc_column_inner][\/vc_row_inner][vc_row_inner][vc_column_inner width=&#8221;1\/6&#8243;][\/vc_column_inner][vc_column_inner width=&#8221;2\/3&#8243;][vc_column_text]<\/p>\n<h3>N\u00edvel 1<\/h3>\n<p>Ao terminar o n\u00edvel 1, o Aluno estar\u00e1 apto a\u00a0<strong>apresentar-se<\/strong>\u00a0e a apresentar outras pessoas (formal e informalmente); a descrever seus\u00a0<strong>h\u00e1bitos<\/strong>; expressar gostos; fazer planos; desculpar-se e fazer reclama\u00e7\u00f5es.[\/vc_column_text][vc_column_text]<\/p>\n<h3>N\u00edvel 2<\/h3>\n<p>Ao t\u00e9rmino do n\u00edvel 2, o Aluno estar\u00e1 apto a\u00a0<strong>opinar<\/strong>\u00a0e\u00a0<strong>comprar<\/strong>; a falar das\u00a0<strong>experi\u00eancias passadas; contar hist\u00f3rias<\/strong>; fazer previs\u00f5es e dar conselhos. Ter\u00e1 muito mais flu\u00eancia e consci\u00eancia sobre a pron\u00fancia correta.[\/vc_column_text][vc_column_text]<\/p>\n<h3>N\u00edvel 3<\/h3>\n<p>Ao terminar o n\u00edvel 3, o Aluno estar\u00e1 apto a\u00a0<strong>expressar desejos<\/strong>\u00a0e a fazer sugest\u00f5es; a falar sobre probabilidades e hip\u00f3teses; a relatar o que falam ou falaram outras pessoas; a fazer\u00a0<strong>apresenta\u00e7\u00f5es<\/strong>\u00a0e a participar de reuni\u00f5es de\u00a0<strong>neg\u00f3cios<\/strong>. Portanto, ter\u00e1\u00a0<strong>boa flu\u00eancia<\/strong>\u00a0e uma\u00a0<strong>pron\u00fancia<\/strong>\u00a0mais apurada.[\/vc_column_text][vc_column_text]<\/p>\n<h3>N\u00edvel 4<\/h3>\n<p>Ao terminar o n\u00edvel 4, o Aluno estar\u00e1 apto a usar o idioma com desenvoltura, tanto no \u00e2mbito\u00a0<strong>cotidiano<\/strong>\u00a0quanto no\u00a0<strong>empresarial<\/strong>.[\/vc_column_text][\/vc_column_inner][vc_column_inner width=&#8221;1\/6&#8243;][\/vc_column_inner][\/vc_row_inner][vc_row_inner][vc_column_inner width=&#8221;1\/2&#8243;][\/vc_column_inner][\/vc_row_inner][vc_empty_space height=&#8221;45px&#8221;][\/vc_column][\/vc_row][vc_row full_width=&#8221;stretch_row_content_no_spaces&#8221;][vc_column][vc_separator color=&#8221;custom&#8221; border_width=&#8221;3&#8243; accent_color=&#8221;#713b5e&#8221;][\/vc_column][\/vc_row][vc_row full_width=&#8221;stretch_row_content&#8221;][vc_column][vc_row_inner][vc_column_inner width=&#8221;1\/6&#8243;][\/vc_column_inner][vc_column_inner width=&#8221;2\/3&#8243;][vc_column_text]<\/p>\n<h3>Curso Preparat\u00f3rio para o CELPE-BRAS<a name=\"celpebras\"><\/a><\/h3>\n<p>[\/vc_column_text][vc_single_image image=&#8221;3729&#8243; style=&#8221;vc_box_circle&#8221;][\/vc_column_inner][vc_column_inner width=&#8221;1\/6&#8243;][\/vc_column_inner][\/vc_row_inner][vc_row_inner][vc_column_inner width=&#8221;1\/6&#8243;][\/vc_column_inner][vc_column_inner width=&#8221;2\/3&#8243;][vc_column_text]<\/p>\n<h3>Preparat\u00f3rio<\/h3>\n<p>Por exig\u00eancias oficiais, empresariais, de institui\u00e7\u00f5es de ensino ou at\u00e9 mesmo por quest\u00f5es pessoais, muitos estudantes de Portugu\u00eas como L\u00edngua Estrangeira decidem prestar o CELPE-BRAS, exame que possibilita a Certifica\u00e7\u00e3o de Profici\u00eancia em L\u00edngua Portuguesa para Estrangeiros.<\/p>\n<div id=\"box-destaque-aulas-programa\">\n<div id=\"texto\">\n<p>As provas s\u00e3o aplicadas duas vezes ao ano e \u00e9 preciso estar bem preparado para os exerc\u00edcios de compreens\u00e3o oral, textuais e outros pontos culturais e de conhecimento geral, pontos analisados na prova. A Torre de Babel Idiomas oferece cursos preparat\u00f3rios para o exame.<\/p>\n<\/div>\n<\/div>\n<p><a name=\"celpebras\"><\/a>[\/vc_column_text][\/vc_column_inner][vc_column_inner width=&#8221;1\/6&#8243;][\/vc_column_inner][\/vc_row_inner][vc_row_inner][vc_column_inner width=&#8221;1\/2&#8243;][\/vc_column_inner][\/vc_row_inner][\/vc_column][\/vc_row][vc_row full_width=&#8221;stretch_row_content_no_spaces&#8221;][vc_column][vc_empty_space height=&#8221;45px&#8221;][vc_separator color=&#8221;custom&#8221; border_width=&#8221;3&#8243; accent_color=&#8221;#713b5e&#8221;][\/vc_column][\/vc_row][vc_row][vc_column][\/vc_column][\/vc_row][vc_row][vc_column width=&#8221;1\/4&#8243;][vc_single_image image=&#8221;3441&#8243; img_size=&#8221;medium&#8221; alignment=&#8221;center&#8221;][\/vc_column][vc_column width=&#8221;3\/4&#8243;][vc_column_text]<\/p>\n<div id=\"box-destaque-aulas-programa\">\n<div id=\"texto\">\n<h3>Pague com Paypal ou pelo Bradesco<\/h3>\n<p>Para pagamentos feitos fora do Brasil, utilizamos o sistema PAYPAL.<br \/>\nPara pagamentos feitos diretamente no Brasil, utilizamos Dep\u00f3sitos Banc\u00e1rios no Bradesco.<\/div>\n<\/div>\n<p>[\/vc_column_text][\/vc_column][\/vc_row]<\/p>\n<!-- AddThis Advanced Settings generic via filter on the_content --><!-- AddThis Share Buttons generic via filter on the_content -->","protected":false},"excerpt":{"rendered":"<p>[vc_row full_width=&#8221;stretch_row_content&#8221;][vc_column][vc_row_inner][vc_column_inner width=&#8221;1\/6&#8243;][\/vc_column_inner][vc_column_inner width=&#8221;2\/3&#8243;][vc_column_text] Curso de Ingl\u00eas [\/vc_column_text][vc_single_image image=&#8221;3734&#8243; style=&#8221;vc_box_circle&#8221;][\/vc_column_inner][vc_column_inner width=&#8221;1\/6&#8243;][\/vc_column_inner][\/vc_row_inner][vc_row_inner][vc_column_inner width=&#8221;1\/6&#8243;][\/vc_column_inner][vc_column_inner width=&#8221;2\/3&#8243;][vc_column_text] B\u00e1sico I e II Espera-se que o Aluno, ao t\u00e9rmino do curso b\u00e1sico, esteja preparado para: descrever seus\u00a0h\u00e1bitos\u00a0e sua\u00a0rotina; expressar sua\u00a0opini\u00e3o\u00a0sobre\u00a0lugares e pessoas; fazer\u00a0planos;\u00a0conversar\u00a0sobre recentes mudan\u00e7as ocorridas na vizinhan\u00e7a, no lar, no trabalho;\u00a0desculpar-se;\u00a0reclamar\u00a0em locais p\u00fablicos como lojas e restaurantes;\u00a0convidar\u00a0os amigos para uma [&hellip;]<!-- AddThis Advanced Settings generic via filter on get_the_excerpt --><!-- AddThis Share Buttons generic via filter on get_the_excerpt --><\/p>\n","protected":false},"author":1,"featured_media":0,"parent":0,"menu_order":0,"comment_status":"closed","ping_status":"closed","template":"","meta":[],"yoast_head":"<!-- This site is optimized with the Yoast SEO plugin v15.1.1 - https:\/\/yoast.com\/wordpress\/plugins\/seo\/ -->\n<title>Cursos Regulares - Torre de Babel<\/title>\n<meta name=\"robots\" content=\"index, follow, max-snippet:-1, max-image-preview:large, max-video-preview:-1\" \/>\n<link rel=\"canonical\" href=\"https:\/\/torredebabel.com.br\/site\/cursos-regulares\/\" \/>\n<meta property=\"og:locale\" content=\"pt_BR\" \/>\n<meta property=\"og:type\" content=\"article\" \/>\n<meta property=\"og:title\" content=\"Cursos Regulares - Torre de Babel\" \/>\n<meta property=\"og:description\" content=\"[vc_row full_width=&#8221;stretch_row_content&#8221;][vc_column][vc_row_inner][vc_column_inner width=&#8221;1\/6&#8243;][\/vc_column_inner][vc_column_inner width=&#8221;2\/3&#8243;][vc_column_text] Curso de Ingl\u00eas [\/vc_column_text][vc_single_image image=&#8221;3734&#8243; style=&#8221;vc_box_circle&#8221;][\/vc_column_inner][vc_column_inner width=&#8221;1\/6&#8243;][\/vc_column_inner][\/vc_row_inner][vc_row_inner][vc_column_inner width=&#8221;1\/6&#8243;][\/vc_column_inner][vc_column_inner width=&#8221;2\/3&#8243;][vc_column_text] B\u00e1sico I e II Espera-se que o Aluno, ao t\u00e9rmino do curso b\u00e1sico, esteja preparado para: descrever seus\u00a0h\u00e1bitos\u00a0e sua\u00a0rotina; expressar sua\u00a0opini\u00e3o\u00a0sobre\u00a0lugares e pessoas; fazer\u00a0planos;\u00a0conversar\u00a0sobre recentes mudan\u00e7as ocorridas na vizinhan\u00e7a, no lar, no trabalho;\u00a0desculpar-se;\u00a0reclamar\u00a0em locais p\u00fablicos como lojas e restaurantes;\u00a0convidar\u00a0os amigos para uma [&hellip;]\" \/>\n<meta property=\"og:url\" content=\"https:\/\/torredebabel.com.br\/site\/cursos-regulares\/\" \/>\n<meta property=\"og:site_name\" content=\"Torre de Babel\" \/>\n<meta property=\"article:publisher\" content=\"https:\/\/www.facebook.com\/TorreDeBabelIdiomas\" \/>\n<meta property=\"article:modified_time\" content=\"2019-08-27T18:35:45+00:00\" \/>\n<meta name=\"twitter:card\" content=\"summary_large_image\" \/>\n<script type=\"application\/ld+json\" class=\"yoast-schema-graph\">{\"@context\":\"https:\/\/schema.org\",\"@graph\":[{\"@type\":\"WebSite\",\"@id\":\"https:\/\/torredebabel.com.br\/site\/#website\",\"url\":\"https:\/\/torredebabel.com.br\/site\/\",\"name\":\"Torre de Babel\",\"description\":\"Idiomas e Culturas\",\"potentialAction\":[{\"@type\":\"SearchAction\",\"target\":\"https:\/\/torredebabel.com.br\/site\/?s={search_term_string}\",\"query-input\":\"required name=search_term_string\"}],\"inLanguage\":\"pt-BR\"},{\"@type\":\"WebPage\",\"@id\":\"https:\/\/torredebabel.com.br\/site\/cursos-regulares\/#webpage\",\"url\":\"https:\/\/torredebabel.com.br\/site\/cursos-regulares\/\",\"name\":\"Cursos Regulares - Torre de Babel\",\"isPartOf\":{\"@id\":\"https:\/\/torredebabel.com.br\/site\/#website\"},\"datePublished\":\"2019-08-05T16:59:55+00:00\",\"dateModified\":\"2019-08-27T18:35:45+00:00\",\"inLanguage\":\"pt-BR\",\"potentialAction\":[{\"@type\":\"ReadAction\",\"target\":[\"https:\/\/torredebabel.com.br\/site\/cursos-regulares\/\"]}]}]}<\/script>\n<!-- \/ Yoast SEO plugin. -->","_links":{"self":[{"href":"https:\/\/torredebabel.com.br\/site\/wp-json\/wp\/v2\/pages\/3832"}],"collection":[{"href":"https:\/\/torredebabel.com.br\/site\/wp-json\/wp\/v2\/pages"}],"about":[{"href":"https:\/\/torredebabel.com.br\/site\/wp-json\/wp\/v2\/types\/page"}],"author":[{"embeddable":true,"href":"https:\/\/torredebabel.com.br\/site\/wp-json\/wp\/v2\/users\/1"}],"replies":[{"embeddable":true,"href":"https:\/\/torredebabel.com.br\/site\/wp-json\/wp\/v2\/comments?post=3832"}],"version-history":[{"count":31,"href":"https:\/\/torredebabel.com.br\/site\/wp-json\/wp\/v2\/pages\/3832\/revisions"}],"predecessor-version":[{"id":4700,"href":"https:\/\/torredebabel.com.br\/site\/wp-json\/wp\/v2\/pages\/3832\/revisions\/4700"}],"wp:attachment":[{"href":"https:\/\/torredebabel.com.br\/site\/wp-json\/wp\/v2\/media?parent=3832"}],"curies":[{"name":"wp","href":"https:\/\/api.w.org\/{rel}","templated":true}]}}