{"id":3545,"date":"2019-07-30T14:45:23","date_gmt":"2019-07-30T17:45:23","guid":{"rendered":"http:\/\/torredebabel.com.br\/site\/?page_id=3545"},"modified":"2019-08-30T12:40:30","modified_gmt":"2019-08-30T15:40:30","slug":"nossosprogramas","status":"publish","type":"page","link":"https:\/\/torredebabel.com.br\/site\/nossosprogramas\/","title":{"rendered":"Nossos Programas"},"content":{"rendered":"<p>[vc_row equal_height=&#8221;yes&#8221; css=&#8221;.vc_custom_1567179442371{margin-top: 1% !important;margin-right: 1% !important;margin-bottom: 1% !important;margin-left: 1% !important;background-position: center !important;background-repeat: no-repeat !important;background-size: cover !important;}&#8221; el_id=&#8221;tematicas&#8221;][vc_column width=&#8221;1\/4&#8243; css=&#8221;.vc_custom_1566842405324{background-image: url(http:\/\/torredebabel.com.br\/site\/wp-content\/uploads\/2019\/08\/bumbaMeuBoi.png?id=3651) !important;background-position: center !important;background-repeat: no-repeat !important;background-size: cover !important;}&#8221; offset=&#8221;vc_hidden-xs&#8221;][\/vc_column][vc_column width=&#8221;3\/4&#8243;][vc_column_text]<\/p>\n<h3>Aulas Tem\u00e1ticas<\/h3>\n<p>[\/vc_column_text][vc_column_text]<\/p>\n<h4>Aulas Tem\u00e1ticas<\/h4>\n<p>O Brasil oferece uma infinidade de temas que proporcionam um conhecimento melhor de nossa cultura, costumes, hist\u00f3ria etc, como\u00a0FESTAS JUNINAS,\u00a0FOLCLORE,\u00a0\u00cdNDIOS,\u00a0CULIN\u00c1RIA\u00a0entre outros. Assim, oferecemos aos Alunos Aulas Tem\u00e1ticas voltadas a um \u00fanico assunto, definido pela escola, ou de acordo com a prefer\u00eancia de cada Aluno. Podemos desenvolver aulas tem\u00e1ticas de acordo com as necessidades e o interesse de empresas, por exemplo: aulas sobre pr\u00e9-sal, sustentabilidade, energias alternativas etc. A Torre de Babel est\u00e1 dispon\u00edvel, inclusive, para o desenvolvimento de conte\u00fado espec\u00edfico para a \u00e1rea acad\u00eamica, caso universidades do Exterior desejem incrementar seu curr\u00edculo com aulas de PLE espec\u00edficas elaboradas e ministradas diretamente do Brasil.<\/p>\n<p>Para mais informa\u00e7\u00f5es, por favor escreva para\u00a0<a href=\"mailto:torredebabel@torredebabel.com.br\">torredebabel@torredebabel.com.br<\/a>.[\/vc_column_text][\/vc_column][\/vc_row][vc_row equal_height=&#8221;yes&#8221; css=&#8221;.vc_custom_1567179510683{margin-top: 1% !important;margin-right: 1% !important;margin-bottom: 1% !important;margin-left: 1% !important;background-position: center !important;background-repeat: no-repeat !important;background-size: cover !important;}&#8221; el_id=&#8221;japones&#8221;][vc_column width=&#8221;1\/4&#8243; css=&#8221;.vc_custom_1565972383428{background-image: url(http:\/\/torredebabel.com.br\/site\/wp-content\/uploads\/2019\/08\/florDeJapao.jpg?id=3662) !important;background-position: center !important;background-repeat: no-repeat !important;background-size: cover !important;}&#8221; offset=&#8221;vc_hidden-xs&#8221;][\/vc_column][vc_column width=&#8221;3\/4&#8243;][vc_column_text]<\/p>\n<h3>Japon\u00eas a Dist\u00e2ncia<\/h3>\n<p>[\/vc_column_text][vc_column_text]<\/p>\n<h4>Japon\u00eas EAD<\/h4>\n<p>A partir da necessidade de preparo profissional e cultural a pessoas que, por v\u00e1rios motivos, n\u00e3o podiam frequentar nossas aulas de Japon\u00eas presenciais, capacitamos nossos Professores e desenvolvemos o curso Japon\u00eas a Dist\u00e2ncia. O aluno estuda onde e como quiser, utilizando o Skype ou nossa Sala Virtual com um de nossos Professores. O ensino a dist\u00e2ncia resulta no mesmo aprendizado de uma aula presencial, com os mesmos resultados.<\/p>\n<p>Para mais informa\u00e7\u00f5es, por favor escreva para\u00a0<a href=\"mailto:torredebabel@torredebabel.com.br\" rel=\"noopener noreferrer\" target=\"_blank\">torredebabel@torredebabel.com.br<\/a>.[\/vc_column_text][\/vc_column][\/vc_row][vc_row equal_height=&#8221;yes&#8221; css=&#8221;.vc_custom_1566223623393{margin: 1% !important;background-position: center !important;background-repeat: no-repeat !important;background-size: cover !important;border-radius: 1px !important;}&#8221; el_id=&#8221;portugues&#8221;][vc_column width=&#8221;1\/4&#8243; css=&#8221;.vc_custom_1565972581803{background-image: url(http:\/\/torredebabel.com.br\/site\/wp-content\/uploads\/2019\/08\/corcovado.jpg?id=3660) !important;background-position: center !important;background-repeat: no-repeat !important;background-size: cover !important;}&#8221; offset=&#8221;vc_hidden-xs&#8221;][\/vc_column][vc_column width=&#8221;3\/4&#8243;][vc_column_text]<\/p>\n<h3>Portugu\u00eas a Dist\u00e2ncia<\/h3>\n<p>[\/vc_column_text][vc_column_text]<\/p>\n<h4>Portugu\u00eas EAD<\/h4>\n<p>A L\u00edngua Portuguesa pede passagem, e com os avan\u00e7os da internet j\u00e1 n\u00e3o h\u00e1 mais obst\u00e1culos que impe\u00e7am o alcance ao conhecimento desej\u00e1vel. A partir da necessidade de preparo profissional e cultural a pessoas que n\u00e3o podiam frequentar nossas aulas de Portugu\u00eas para Estrangeiros presenciais, desenvolvemos o curso Portugu\u00eas a Dist\u00e2ncia. O aluno estuda onde e como quiser, utilizando o Skype ou nossa Sala Virtual com um de nossos Professores. Os resultados no aprendizado s\u00e3o excelentes, compar\u00e1veis aos alcan\u00e7ados com aulas presenciais.<\/p>\n<p>Para mais informa\u00e7\u00f5es, por favor escreva para\u00a0<a href=\"mailto:torredebabel@torredebabel.com.br\" rel=\"noopener noreferrer\" target=\"_blank\">torredebabel@torredebabel.com.br<\/a>.[\/vc_column_text][\/vc_column][\/vc_row][vc_row equal_height=&#8221;yes&#8221; css=&#8221;.vc_custom_1566223706772{margin: 1% !important;background-position: center !important;background-repeat: no-repeat !important;background-size: cover !important;border-radius: 1px !important;}&#8221; el_id=&#8221;mini&#8221;][vc_column width=&#8221;1\/4&#8243; css=&#8221;.vc_custom_1565972769718{background-image: url(http:\/\/torredebabel.com.br\/site\/wp-content\/uploads\/2019\/08\/tempos.jpg?id=3663) !important;background-position: center !important;background-repeat: no-repeat !important;background-size: cover !important;}&#8221; offset=&#8221;vc_hidden-xs&#8221;][\/vc_column][vc_column width=&#8221;3\/4&#8243;][vc_column_text]<\/p>\n<h4>Minicursos de capacita\u00e7\u00e3o para professores de idiomas<\/h4>\n<p>[\/vc_column_text][vc_column_text]A Torre de Babel Idiomas e Culturas oferece minicursos presenciais e na modalidade a dist\u00e2ncia para Professores de idiomas, com \u00eanfase maior em conte\u00fados que digam respeito a Professores de Portugu\u00eas como L\u00edngua Estrangeira, como Segunda L\u00edngua e como L\u00edngua de Heran\u00e7a. S\u00e3o cursos breves, de tr\u00eas horas cada, desenvolvidos a partir de Levantamentos de Necessidades feitos entre profissionais da \u00e1rea. Os grupos s\u00e3o pequenos (no m\u00e1ximo 6 participantes nos cursos presenciais e 4 nos cursos a dist\u00e2ncia), propiciando grande integra\u00e7\u00e3o e oportunidades de compartilhamento de ideias e de experi\u00eancias.<\/p>\n<p>ACOMPANHE NOSSA PROGRAMA\u00c7\u00c3O DIRETAMENTE PELO FACEBOOK DA TORRE DE BABEL IDIOMAS.<\/p>\n<p><a href=\"https:\/\/www.facebook.com\/TorreDeBabelIdiomas\" rel=\"noopener noreferrer\" target=\"_blank\">\u00bb Acessar nossa FAN PAGE.<\/a>[\/vc_column_text][\/vc_column][\/vc_row][vc_row equal_height=&#8221;yes&#8221; content_placement=&#8221;middle&#8221; css=&#8221;.vc_custom_1564678556634{margin-top: 1% !important;margin-right: 1% !important;margin-bottom: 1% !important;margin-left: 1% !important;}&#8221;][vc_column width=&#8221;2\/3&#8243;][vc_column_text]<\/p>\n<h4>Pague com Paypal ou pelo Bradesco<\/h4>\n<p>Para pagamentos feitos fora do Brasil, utilizamos o sistema <strong>PayPal<\/strong>.<br \/>\nPara pagamentos feitos diretamente no Brasil, utilizamos Dep\u00f3sitos Banc\u00e1rios no <strong>Bradesco<\/strong>.[\/vc_column_text][vc_single_image image=&#8221;3441&#8243; img_size=&#8221;full&#8221;][\/vc_column][vc_column width=&#8221;1\/3&#8243;][\/vc_column][\/vc_row]<\/p>\n<!-- AddThis Advanced Settings generic via filter on the_content --><!-- AddThis Share Buttons generic via filter on the_content -->","protected":false},"excerpt":{"rendered":"<p>[vc_row equal_height=&#8221;yes&#8221; css=&#8221;.vc_custom_1567179442371{margin-top: 1% !important;margin-right: 1% !important;margin-bottom: 1% !important;margin-left: 1% !important;background-position: center !important;background-repeat: no-repeat !important;background-size: cover !important;}&#8221; el_id=&#8221;tematicas&#8221;][vc_column width=&#8221;1\/4&#8243; css=&#8221;.vc_custom_1566842405324{background-image: url(http:\/\/torredebabel.com.br\/site\/wp-content\/uploads\/2019\/08\/bumbaMeuBoi.png?id=3651) !important;background-position: center !important;background-repeat: no-repeat !important;background-size: cover !important;}&#8221; offset=&#8221;vc_hidden-xs&#8221;][\/vc_column][vc_column width=&#8221;3\/4&#8243;][vc_column_text] Aulas Tem\u00e1ticas [\/vc_column_text][vc_column_text] Aulas Tem\u00e1ticas O Brasil oferece uma infinidade de temas que proporcionam um conhecimento melhor de nossa cultura, costumes, hist\u00f3ria etc, como\u00a0FESTAS JUNINAS,\u00a0FOLCLORE,\u00a0\u00cdNDIOS,\u00a0CULIN\u00c1RIA\u00a0entre [&hellip;]<!-- AddThis Advanced Settings generic via filter on get_the_excerpt --><!-- AddThis Share Buttons generic via filter on get_the_excerpt --><\/p>\n","protected":false},"author":1,"featured_media":0,"parent":0,"menu_order":0,"comment_status":"closed","ping_status":"closed","template":"","meta":[],"yoast_head":"<!-- This site is optimized with the Yoast SEO plugin v15.1.1 - https:\/\/yoast.com\/wordpress\/plugins\/seo\/ -->\n<title>Nossos Programas - Torre de Babel<\/title>\n<meta name=\"robots\" content=\"index, follow, max-snippet:-1, max-image-preview:large, max-video-preview:-1\" \/>\n<link rel=\"canonical\" href=\"https:\/\/torredebabel.com.br\/site\/nossosprogramas\/\" \/>\n<meta property=\"og:locale\" content=\"pt_BR\" \/>\n<meta property=\"og:type\" content=\"article\" \/>\n<meta property=\"og:title\" content=\"Nossos Programas - Torre de Babel\" \/>\n<meta property=\"og:description\" content=\"[vc_row equal_height=&#8221;yes&#8221; css=&#8221;.vc_custom_1567179442371{margin-top: 1% !important;margin-right: 1% !important;margin-bottom: 1% !important;margin-left: 1% !important;background-position: center !important;background-repeat: no-repeat !important;background-size: cover !important;}&#8221; el_id=&#8221;tematicas&#8221;][vc_column width=&#8221;1\/4&#8243; css=&#8221;.vc_custom_1566842405324{background-image: url(http:\/\/torredebabel.com.br\/site\/wp-content\/uploads\/2019\/08\/bumbaMeuBoi.png?id=3651) !important;background-position: center !important;background-repeat: no-repeat !important;background-size: cover !important;}&#8221; offset=&#8221;vc_hidden-xs&#8221;][\/vc_column][vc_column width=&#8221;3\/4&#8243;][vc_column_text] Aulas Tem\u00e1ticas [\/vc_column_text][vc_column_text] Aulas Tem\u00e1ticas O Brasil oferece uma infinidade de temas que proporcionam um conhecimento melhor de nossa cultura, costumes, hist\u00f3ria etc, como\u00a0FESTAS JUNINAS,\u00a0FOLCLORE,\u00a0\u00cdNDIOS,\u00a0CULIN\u00c1RIA\u00a0entre [&hellip;]\" \/>\n<meta property=\"og:url\" content=\"https:\/\/torredebabel.com.br\/site\/nossosprogramas\/\" \/>\n<meta property=\"og:site_name\" content=\"Torre de Babel\" \/>\n<meta property=\"article:publisher\" content=\"https:\/\/www.facebook.com\/TorreDeBabelIdiomas\" \/>\n<meta property=\"article:modified_time\" content=\"2019-08-30T15:40:30+00:00\" \/>\n<meta name=\"twitter:card\" content=\"summary_large_image\" \/>\n<script type=\"application\/ld+json\" class=\"yoast-schema-graph\">{\"@context\":\"https:\/\/schema.org\",\"@graph\":[{\"@type\":\"WebSite\",\"@id\":\"https:\/\/torredebabel.com.br\/site\/#website\",\"url\":\"https:\/\/torredebabel.com.br\/site\/\",\"name\":\"Torre de Babel\",\"description\":\"Idiomas e Culturas\",\"potentialAction\":[{\"@type\":\"SearchAction\",\"target\":\"https:\/\/torredebabel.com.br\/site\/?s={search_term_string}\",\"query-input\":\"required name=search_term_string\"}],\"inLanguage\":\"pt-BR\"},{\"@type\":\"WebPage\",\"@id\":\"https:\/\/torredebabel.com.br\/site\/nossosprogramas\/#webpage\",\"url\":\"https:\/\/torredebabel.com.br\/site\/nossosprogramas\/\",\"name\":\"Nossos Programas - Torre de Babel\",\"isPartOf\":{\"@id\":\"https:\/\/torredebabel.com.br\/site\/#website\"},\"datePublished\":\"2019-07-30T17:45:23+00:00\",\"dateModified\":\"2019-08-30T15:40:30+00:00\",\"inLanguage\":\"pt-BR\",\"potentialAction\":[{\"@type\":\"ReadAction\",\"target\":[\"https:\/\/torredebabel.com.br\/site\/nossosprogramas\/\"]}]}]}<\/script>\n<!-- \/ Yoast SEO plugin. -->","_links":{"self":[{"href":"https:\/\/torredebabel.com.br\/site\/wp-json\/wp\/v2\/pages\/3545"}],"collection":[{"href":"https:\/\/torredebabel.com.br\/site\/wp-json\/wp\/v2\/pages"}],"about":[{"href":"https:\/\/torredebabel.com.br\/site\/wp-json\/wp\/v2\/types\/page"}],"author":[{"embeddable":true,"href":"https:\/\/torredebabel.com.br\/site\/wp-json\/wp\/v2\/users\/1"}],"replies":[{"embeddable":true,"href":"https:\/\/torredebabel.com.br\/site\/wp-json\/wp\/v2\/comments?post=3545"}],"version-history":[{"count":23,"href":"https:\/\/torredebabel.com.br\/site\/wp-json\/wp\/v2\/pages\/3545\/revisions"}],"predecessor-version":[{"id":4270,"href":"https:\/\/torredebabel.com.br\/site\/wp-json\/wp\/v2\/pages\/3545\/revisions\/4270"}],"wp:attachment":[{"href":"https:\/\/torredebabel.com.br\/site\/wp-json\/wp\/v2\/media?parent=3545"}],"curies":[{"name":"wp","href":"https:\/\/api.w.org\/{rel}","templated":true}]}}